{"id":120913,"date":"2023-10-28T11:18:51","date_gmt":"2023-10-28T09:18:51","guid":{"rendered":"https:\/\/mint-square.com\/services-medias\/publicite-en-temps-reel-rta\/video\/"},"modified":"2023-10-28T11:18:51","modified_gmt":"2023-10-28T09:18:51","slug":"video","status":"publish","type":"page","link":"https:\/\/mint-square.com\/fr\/gestion-de-campagnes\/publicite-en-temps-reel-rta\/video\/","title":{"rendered":"Vid\u00e9o"},"content":{"rendered":"<div class=\"wpb-content-wrapper\"><p>[vc_row row_height_percent=\u00a0\u00bb85&Prime; override_padding=\u00a0\u00bbyes\u00a0\u00bb h_padding=\u00a0\u00bb2&Prime; top_padding=\u00a0\u00bb7&Prime; bottom_padding=\u00a0\u00bb7&Prime; back_image=\u00a0\u00bb103555&Prime; parallax=\u00a0\u00bbyes\u00a0\u00bb kburns=\u00a0\u00bbmagnetic\u00a0\u00bb overlay_alpha=\u00a0\u00bb50&Prime; gutter_size=\u00a0\u00bb3&Prime; column_width_percent=\u00a0\u00bb100&Prime; shift_y=\u00a0\u00bb0&Prime; z_index=\u00a0\u00bb0&Prime; uncode_shortcode_id=\u00a0\u00bb109756&Prime;][vc_column column_width_percent=\u00a0\u00bb100&Prime; position_horizontal=\u00a0\u00bbleft\u00a0\u00bb position_vertical=\u00a0\u00bbmiddle\u00a0\u00bb gutter_size=\u00a0\u00bb2&Prime; style=\u00a0\u00bbdark\u00a0\u00bb overlay_alpha=\u00a0\u00bb50&Prime; shift_x=\u00a0\u00bb0&Prime; shift_y=\u00a0\u00bb0&Prime; shift_y_down=\u00a0\u00bb0&Prime; z_index=\u00a0\u00bb0&Prime; medium_width=\u00a0\u00bb0&Prime; mobile_width=\u00a0\u00bb0&Prime; width=\u00a0\u00bb1\/1&Prime;][vc_custom_heading text_color=\u00a0\u00bbcolor-anthrazit\u00a0\u00bb heading_semantic=\u00a0\u00bbh1&Prime; text_size=\u00a0\u00bbfontsize-160000&Prime; text_weight=\u00a0\u00bb500&Prime; text_transform=\u00a0\u00bbuppercase\u00a0\u00bb text_space=\u00a0\u00bbfontspace-135905&Prime; uncode_shortcode_id=\u00a0\u00bb102856&Prime; text_color_type=\u00a0\u00bbuncode-palette\u00a0\u00bb]Ench\u00e8res en temps r\u00e9el[\/vc_custom_heading][vc_custom_heading text_color=\u00a0\u00bbcolor-anthrazit\u00a0\u00bb heading_semantic=\u00a0\u00bbh1&Prime; text_size=\u00a0\u00bbfontsize-338686&Prime; text_weight=\u00a0\u00bb500&Prime; uncode_shortcode_id=\u00a0\u00bb132421&Prime; text_color_type=\u00a0\u00bbuncode-palette\u00a0\u00bb]Vid\u00e9o[\/vc_custom_heading][vc_custom_heading text_color=\u00a0\u00bbcolor-anthrazit\u00a0\u00bb heading_semantic=\u00a0\u00bbh1&Prime; text_size=\u00a0\u00bbfontsize-155944&Prime; text_weight=\u00a0\u00bb500&Prime; uncode_shortcode_id=\u00a0\u00bb206261&Prime; text_color_type=\u00a0\u00bbuncode-palette\u00a0\u00bb]Utilisation de formats publicitaires classiques &amp; orient\u00e9s vers l&rsquo;avenir[\/vc_custom_heading][\/vc_column][\/vc_row][vc_row row_height_percent=\u00a0\u00bb0&Prime; override_padding=\u00a0\u00bbyes\u00a0\u00bb h_padding=\u00a0\u00bb2&Prime; top_padding=\u00a0\u00bb4&Prime; bottom_padding=\u00a0\u00bb4&Prime; overlay_color=\u00a0\u00bbcolor-xsdn\u00a0\u00bb overlay_alpha=\u00a0\u00bb70&Prime; gutter_size=\u00a0\u00bb100&Prime; column_width_percent=\u00a0\u00bb100&Prime; shift_y=\u00a0\u00bb0&Prime; z_index=\u00a0\u00bb0&Prime; style=\u00a0\u00bbinherited\u00a0\u00bb row_name=\u00a0\u00bbWelcome\u00a0\u00bb][vc_column column_width_percent=\u00a0\u00bb100&Prime; gutter_size=\u00a0\u00bb1&Prime; overlay_alpha=\u00a0\u00bb50&Prime; shift_x=\u00a0\u00bb0&Prime; shift_y=\u00a0\u00bb0&Prime; z_index=\u00a0\u00bb0&Prime; medium_width=\u00a0\u00bb0&Prime; width=\u00a0\u00bb4\/12&Prime;][vc_custom_heading text_size=\u00a0\u00bbh3&Prime; text_align=\u00a0\u00bbtext-left\u00a0\u00bb text_uppercase=\u00a0\u00bb\u00a0\u00bb uncode_shortcode_id=\u00a0\u00bb123657&Prime;]Pourquoi la vid\u00e9o ?[\/vc_custom_heading][\/vc_column][vc_column column_width_percent=\u00a0\u00bb100&Prime; gutter_size=\u00a0\u00bb3&Prime; font_family=\u00a0\u00bbfont-136269&Prime; overlay_alpha=\u00a0\u00bb50&Prime; shift_x=\u00a0\u00bb0&Prime; shift_y=\u00a0\u00bb0&Prime; shift_y_down=\u00a0\u00bb0&Prime; z_index=\u00a0\u00bb0&Prime; medium_width=\u00a0\u00bb0&Prime; mobile_width=\u00a0\u00bb0&Prime; zoom_width=\u00a0\u00bb0&Prime; zoom_height=\u00a0\u00bb0&Prime; width=\u00a0\u00bb8\/12&Prime; uncode_shortcode_id=\u00a0\u00bb128109&Prime;][vc_row_inner row_inner_height_percent=\u00a0\u00bb0&Prime; overlay_alpha=\u00a0\u00bb50&Prime; gutter_size=\u00a0\u00bb4&Prime; shift_y=\u00a0\u00bb0&Prime; limit_content=\u00a0\u00bb\u00a0\u00bb][vc_column_inner width=\u00a0\u00bb1\/2&Prime;][vc_column_text text_color=\u00a0\u00bbcolor-anthrazit\u00a0\u00bb uncode_shortcode_id=\u00a0\u00bb136161&Prime; text_color_type=\u00a0\u00bbuncode-palette\u00a0\u00bb]Lorem ipsum dolor sit amet, consectetur adipiscing elit, sed do eiusmod tempor incididunt ut labore et dolore magna aliqua. Ut enim ad minim veniam, quis nostrud exercitation ullamco laboris nisi ut aliquip ex ea commodo consequat.[\/vc_column_text][\/vc_column_inner][vc_column_inner width=\u00a0\u00bb1\/2&Prime;][vc_column_text text_color=\u00a0\u00bbcolor-anthrazit\u00a0\u00bb uncode_shortcode_id=\u00a0\u00bb101180&Prime; text_color_type=\u00a0\u00bbuncode-palette\u00a0\u00bb]Lorem ipsum dolor sit amet, consectetur adipiscing elit, sed do eiusmod tempor incididunt ut labore et dolore magna aliqua. Ut enim ad minim veniam, quis nostrud exercitation ullamco laboris nisi ut aliquip ex ea commodo consequat.[\/vc_column_text][\/vc_column_inner][\/vc_row_inner][\/vc_column][\/vc_row][vc_row row_height_percent=\u00a0\u00bb0&Prime; override_padding=\u00a0\u00bbyes\u00a0\u00bb h_padding=\u00a0\u00bb2&Prime; top_padding=\u00a0\u00bb5&Prime; bottom_padding=\u00a0\u00bb5&Prime; back_color=\u00a0\u00bbaccent\u00a0\u00bb overlay_alpha=\u00a0\u00bb50&Prime; gutter_size=\u00a0\u00bb4&Prime; column_width_percent=\u00a0\u00bb100&Prime; shift_y=\u00a0\u00bb0&Prime; z_index=\u00a0\u00bb0&Prime;][vc_column column_width_use_pixel=\u00a0\u00bbyes\u00a0\u00bb position_vertical=\u00a0\u00bbmiddle\u00a0\u00bb align_horizontal=\u00a0\u00bbalign_center\u00a0\u00bb gutter_size=\u00a0\u00bb3&Prime; style=\u00a0\u00bbdark\u00a0\u00bb overlay_alpha=\u00a0\u00bb50&Prime; shift_x=\u00a0\u00bb0&Prime; shift_y=\u00a0\u00bb0&Prime; shift_y_down=\u00a0\u00bb0&Prime; z_index=\u00a0\u00bb0&Prime; medium_width=\u00a0\u00bb0&Prime; mobile_width=\u00a0\u00bb0&Prime; width=\u00a0\u00bb1\/1&Prime; column_width_pixel=\u00a0\u00bb960&Prime;][vc_custom_heading heading_semantic=\u00a0\u00bbh4&Prime; text_size=\u00a0\u00bbfontsize-155944&Prime; uncode_shortcode_id=\u00a0\u00bb122248&Prime;]\u00a0\u00bbVotre succ\u00e8s gr\u00e2ce \u00e0 l&rsquo;amour du d\u00e9tail\u00a0\u00bb.[\/vc_custom_heading][\/vc_column][\/vc_row][vc_row row_height_percent=\u00a0\u00bb0&Prime; override_padding=\u00a0\u00bbyes\u00a0\u00bb h_padding=\u00a0\u00bb2&Prime; top_padding=\u00a0\u00bb5&Prime; bottom_padding=\u00a0\u00bb5&Prime; back_color=\u00a0\u00bbcolor-lxmt\u00a0\u00bb overlay_alpha=\u00a0\u00bb50&Prime; equal_height=\u00a0\u00bbyes\u00a0\u00bb gutter_size=\u00a0\u00bb4&Prime; column_width_percent=\u00a0\u00bb100&Prime; shift_y=\u00a0\u00bb0&Prime; z_index=\u00a0\u00bb0&Prime;][vc_column column_width_percent=\u00a0\u00bb100&Prime; gutter_size=\u00a0\u00bb2&Prime; override_padding=\u00a0\u00bbyes\u00a0\u00bb column_padding=\u00a0\u00bb2&Prime; overlay_alpha=\u00a0\u00bb50&Prime; preserve_border=\u00a0\u00bbyes\u00a0\u00bb preserve_border_tablet=\u00a0\u00bbyes\u00a0\u00bb border_color=\u00a0\u00bbaccent\u00a0\u00bb border_style=\u00a0\u00bbsolid\u00a0\u00bb shift_x=\u00a0\u00bb0&Prime; shift_y=\u00a0\u00bb0&Prime; shift_y_down=\u00a0\u00bb0&Prime; z_index=\u00a0\u00bb0&Prime; medium_width=\u00a0\u00bb0&Prime; mobile_width=\u00a0\u00bb0&Prime; width=\u00a0\u00bb1\/3&Prime; css=\u00a0\u00bb.vc_custom_1616073778804{border-left-width: 2px !important;padding-top: 0px !important;padding-right: 0px !important;padding-bottom: 0px !important;}\u00a0\u00bb][vc_custom_heading heading_semantic=\u00a0\u00bbh5&Prime; text_size=\u00a0\u00bbfontsize-160000&Prime; text_transform=\u00a0\u00bbuppercase\u00a0\u00bb text_space=\u00a0\u00bbfontspace-135905&Prime; uncode_shortcode_id=\u00a0\u00bb918552&Prime;]USP \/ Info 1[\/vc_custom_heading][vc_custom_heading uncode_shortcode_id=\u00a0\u00bb150943&Prime;]USP \/ Info 1[\/vc_custom_heading][vc_column_text text_color=\u00a0\u00bbcolor-anthrazit\u00a0\u00bb uncode_shortcode_id=\u00a0\u00bb137848&Prime; text_color_type=\u00a0\u00bbuncode-palette\u00a0\u00bb]Lorem ipsum dolor sit amet, consectetur adipiscing elit, sed do eiusmod tempor incididunt ut labore et dolore magna aliqua. Ut enim ad minim veniam, quis nostrud exercitation ullamco laboris nisi ut aliquip ex ea commodo consequat.[\/vc_column_text][\/vc_column][vc_column column_width_percent=\u00a0\u00bb100&Prime; gutter_size=\u00a0\u00bb2&Prime; override_padding=\u00a0\u00bbyes\u00a0\u00bb column_padding=\u00a0\u00bb2&Prime; overlay_alpha=\u00a0\u00bb50&Prime; preserve_border=\u00a0\u00bbyes\u00a0\u00bb preserve_border_tablet=\u00a0\u00bbyes\u00a0\u00bb border_color=\u00a0\u00bbaccent\u00a0\u00bb border_style=\u00a0\u00bbsolid\u00a0\u00bb shift_x=\u00a0\u00bb0&Prime; shift_y=\u00a0\u00bb0&Prime; shift_y_down=\u00a0\u00bb0&Prime; z_index=\u00a0\u00bb0&Prime; medium_width=\u00a0\u00bb0&Prime; mobile_width=\u00a0\u00bb0&Prime; width=\u00a0\u00bb1\/3&Prime; css=\u00a0\u00bb.vc_custom_1616073785306{border-left-width: 2px !important;padding-top: 0px !important;padding-right: 0px !important;padding-bottom: 0px !important;}\u00a0\u00bb][vc_custom_heading heading_semantic=\u00a0\u00bbh5&Prime; text_size=\u00a0\u00bbfontsize-160000&Prime; text_transform=\u00a0\u00bbuppercase\u00a0\u00bb text_space=\u00a0\u00bbfontspace-135905&Prime; uncode_shortcode_id=\u00a0\u00bb107435&Prime;]USP \/ Info 2[\/vc_custom_heading][vc_custom_heading uncode_shortcode_id=\u00a0\u00bb857511&Prime;]USP \/ Info 2[\/vc_custom_heading][vc_column_text text_color=\u00a0\u00bbcolor-anthrazit\u00a0\u00bb uncode_shortcode_id=\u00a0\u00bb155522&Prime; text_color_type=\u00a0\u00bbuncode-palette\u00a0\u00bb]Lorem ipsum dolor sit amet, consectetur adipiscing elit, sed do eiusmod tempor incididunt ut labore et dolore magna aliqua. Ut enim ad minim veniam, quis nostrud exercitation ullamco laboris nisi ut aliquip ex ea commodo consequat.[\/vc_column_text][\/vc_column][vc_column column_width_percent=\u00a0\u00bb100&Prime; gutter_size=\u00a0\u00bb2&Prime; override_padding=\u00a0\u00bbyes\u00a0\u00bb column_padding=\u00a0\u00bb2&Prime; overlay_alpha=\u00a0\u00bb50&Prime; preserve_border=\u00a0\u00bbyes\u00a0\u00bb preserve_border_tablet=\u00a0\u00bbyes\u00a0\u00bb border_color=\u00a0\u00bbaccent\u00a0\u00bb border_style=\u00a0\u00bbsolid\u00a0\u00bb shift_x=\u00a0\u00bb0&Prime; shift_y=\u00a0\u00bb0&Prime; shift_y_down=\u00a0\u00bb0&Prime; z_index=\u00a0\u00bb0&Prime; medium_width=\u00a0\u00bb0&Prime; mobile_width=\u00a0\u00bb0&Prime; width=\u00a0\u00bb1\/3&Prime; css=\u00a0\u00bb.vc_custom_1616073798333{border-left-width: 2px !important;padding-top: 0px !important;padding-right: 0px !important;padding-bottom: 0px !important;}\u00a0\u00bb][vc_custom_heading heading_semantic=\u00a0\u00bbh5&Prime; text_size=\u00a0\u00bbfontsize-160000&Prime; text_transform=\u00a0\u00bbuppercase\u00a0\u00bb text_space=\u00a0\u00bbfontspace-135905&Prime; uncode_shortcode_id=\u00a0\u00bb173944&Prime;]USP \/ Info 3[\/vc_custom_heading][vc_custom_heading uncode_shortcode_id=\u00a0\u00bb342958&Prime;]USP \/ Info 3[\/vc_custom_heading][vc_column_text text_color=\u00a0\u00bbcolor-anthrazit\u00a0\u00bb uncode_shortcode_id=\u00a0\u00bb130844&Prime; text_color_type=\u00a0\u00bbuncode-palette\u00a0\u00bb]Lorem ipsum dolor sit amet, consectetur adipiscing elit, sed do eiusmod tempor incididunt ut labore et dolore magna aliqua. Ut enim ad minim veniam, quis nostrud exercitation ullamco laboris nisi ut aliquip ex ea commodo consequat.[\/vc_column_text][\/vc_column][\/vc_row][vc_row row_height_percent=\u00a0\u00bb0&Prime; override_padding=\u00a0\u00bbyes\u00a0\u00bb h_padding=\u00a0\u00bb2&Prime; top_padding=\u00a0\u00bb5&Prime; bottom_padding=\u00a0\u00bb5&Prime; back_color=\u00a0\u00bbcolor-petrol_blue\u00a0\u00bb overlay_alpha=\u00a0\u00bb50&Prime; gutter_size=\u00a0\u00bb3&Prime; column_width_percent=\u00a0\u00bb100&Prime; shift_y=\u00a0\u00bb0&Prime; z_index=\u00a0\u00bb0&Prime; uncode_shortcode_id=\u00a0\u00bb311206&Prime; back_color_type=\u00a0\u00bbuncode-palette\u00a0\u00bb][vc_column column_width_percent=\u00a0\u00bb100&Prime; position_vertical=\u00a0\u00bbmiddle\u00a0\u00bb align_horizontal=\u00a0\u00bbalign_center\u00a0\u00bb gutter_size=\u00a0\u00bb2&Prime; style=\u00a0\u00bbdark\u00a0\u00bb overlay_alpha=\u00a0\u00bb50&Prime; shift_x=\u00a0\u00bb0&Prime; shift_y=\u00a0\u00bb0&Prime; shift_y_down=\u00a0\u00bb0&Prime; z_index=\u00a0\u00bb0&Prime; medium_width=\u00a0\u00bb0&Prime; mobile_width=\u00a0\u00bb0&Prime; width=\u00a0\u00bb1\/1&Prime; uncode_shortcode_id=\u00a0\u00bb120677&Prime;][vc_custom_heading heading_semantic=\u00a0\u00bbh6&Prime; text_size=\u00a0\u00bbfontsize-160000&Prime; text_weight=\u00a0\u00bb500&Prime; text_transform=\u00a0\u00bbuppercase\u00a0\u00bb text_space=\u00a0\u00bbfontspace-135905&Prime; uncode_shortcode_id=\u00a0\u00bb101559&Prime;]Projets \u00e0 la fra\u00eecheur de MINT[\/vc_custom_heading][vc_custom_heading heading_semantic=\u00a0\u00bbh3&Prime; text_size=\u00a0\u00bbfontsize-155944&Prime; text_weight=\u00a0\u00bb500&Prime; uncode_shortcode_id=\u00a0\u00bb154484&Prime;]Ensemble, faisons de <strong>votre campagne<\/strong> un <strong>succ\u00e8s<\/strong>![\/vc_custom_heading][vc_empty_space][vc_button button_color=\u00a0\u00bbcolor-petrol_blue_light\u00a0\u00bb size=\u00a0\u00bbbtn-lg\u00a0\u00bb text_skin=\u00a0\u00bbyes\u00a0\u00bb custom_typo=\u00a0\u00bbyes\u00a0\u00bb font_family=\u00a0\u00bbfont-130291&Prime; font_weight=\u00a0\u00bb500&Prime; border_width=\u00a0\u00bb0&Prime; link=\u00a0\u00bburl:http%3A%2F%2Frelaunch.mint-square.com%2Fmint-insights%2Fkontakt%2F|title:Kontakt\u00a0\u00bb uncode_shortcode_id=\u00a0\u00bb100003&Prime; button_color_type=\u00a0\u00bbuncode-palette\u00a0\u00bb]Contactez-nous[\/vc_button][\/vc_column][\/vc_row]<\/p>\n<\/div>","protected":false},"excerpt":{"rendered":"<p>[vc_row row_height_percent=\u00a0\u00bb85&Prime; override_padding=\u00a0\u00bbyes\u00a0\u00bb h_padding=\u00a0\u00bb2&Prime; top_padding=\u00a0\u00bb7&Prime; bottom_padding=\u00a0\u00bb7&Prime; back_image=\u00a0\u00bb103555&Prime; parallax=\u00a0\u00bbyes\u00a0\u00bb kburns=\u00a0\u00bbmagnetic\u00a0\u00bb overlay_alpha=\u00a0\u00bb50&Prime; gutter_size=\u00a0\u00bb3&Prime; column_width_percent=\u00a0\u00bb100&Prime; shift_y=\u00a0\u00bb0&Prime; z_index=\u00a0\u00bb0&Prime; uncode_shortcode_id=\u00a0\u00bb109756&Prime;][vc_column column_width_percent=\u00a0\u00bb100&Prime; position_horizontal=\u00a0\u00bbleft\u00a0\u00bb position_vertical=\u00a0\u00bbmiddle\u00a0\u00bb gutter_size=\u00a0\u00bb2&Prime; style=\u00a0\u00bbdark\u00a0\u00bb [&hellip;]<\/p>\n","protected":false},"author":2,"featured_media":0,"parent":120867,"menu_order":0,"comment_status":"closed","ping_status":"closed","template":"","meta":{"footnotes":""},"class_list":["post-120913","page","type-page","status-publish","hentry","page_category-pages-mint"],"yoast_head":"<!-- This site is optimized with the Yoast SEO Premium plugin v26.7 (Yoast SEO v26.7) - https:\/\/yoast.com\/wordpress\/plugins\/seo\/ -->\n<title>Vid\u00e9o - MINT Square<\/title>\n<meta name=\"robots\" content=\"index, follow, max-snippet:-1, max-image-preview:large, max-video-preview:-1\" \/>\n<link rel=\"canonical\" href=\"https:\/\/mint-square.com\/fr\/gestion-de-campagnes\/publicite-en-temps-reel-rta\/video\/\" \/>\n<meta property=\"og:locale\" content=\"fr_FR\" \/>\n<meta property=\"og:type\" content=\"article\" \/>\n<meta property=\"og:title\" content=\"Vid\u00e9o\" \/>\n<meta property=\"og:description\" content=\"[vc_row row_height_percent=\u00a0\u00bb85&Prime; override_padding=\u00a0\u00bbyes\u00a0\u00bb h_padding=\u00a0\u00bb2&Prime; top_padding=\u00a0\u00bb7&Prime; bottom_padding=\u00a0\u00bb7&Prime; back_image=\u00a0\u00bb103555&Prime; parallax=\u00a0\u00bbyes\u00a0\u00bb kburns=\u00a0\u00bbmagnetic\u00a0\u00bb overlay_alpha=\u00a0\u00bb50&Prime; gutter_size=\u00a0\u00bb3&Prime; column_width_percent=\u00a0\u00bb100&Prime; shift_y=\u00a0\u00bb0&Prime; z_index=\u00a0\u00bb0&Prime; uncode_shortcode_id=\u00a0\u00bb109756&Prime;][vc_column column_width_percent=\u00a0\u00bb100&Prime; position_horizontal=\u00a0\u00bbleft\u00a0\u00bb position_vertical=\u00a0\u00bbmiddle\u00a0\u00bb gutter_size=\u00a0\u00bb2&Prime; style=\u00a0\u00bbdark\u00a0\u00bb [&hellip;]\" \/>\n<meta property=\"og:url\" content=\"https:\/\/mint-square.com\/fr\/gestion-de-campagnes\/publicite-en-temps-reel-rta\/video\/\" \/>\n<meta property=\"og:site_name\" content=\"MINT Square\" \/>\n<meta property=\"og:image\" content=\"https:\/\/mint-square.com\/wp-content\/uploads\/2023\/06\/cropped-mint-square-logo-icon.jpg\" \/>\n\t<meta property=\"og:image:width\" content=\"512\" \/>\n\t<meta property=\"og:image:height\" content=\"512\" \/>\n\t<meta property=\"og:image:type\" content=\"image\/jpeg\" \/>\n<meta name=\"twitter:card\" content=\"summary_large_image\" \/>\n<meta name=\"twitter:label1\" content=\"Dur\u00e9e de lecture estim\u00e9e\" \/>\n\t<meta name=\"twitter:data1\" content=\"6 minutes\" \/>\n<script type=\"application\/ld+json\" class=\"yoast-schema-graph\">{\"@context\":\"https:\/\/schema.org\",\"@graph\":[{\"@type\":\"WebPage\",\"@id\":\"https:\/\/mint-square.com\/fr\/gestion-de-campagnes\/publicite-en-temps-reel-rta\/video\/\",\"url\":\"https:\/\/mint-square.com\/fr\/gestion-de-campagnes\/publicite-en-temps-reel-rta\/video\/\",\"name\":\"Vid\u00e9o - MINT Square\",\"isPartOf\":{\"@id\":\"https:\/\/mint-square.com\/fr\/#website\"},\"datePublished\":\"2023-10-28T09:18:51+00:00\",\"breadcrumb\":{\"@id\":\"https:\/\/mint-square.com\/fr\/gestion-de-campagnes\/publicite-en-temps-reel-rta\/video\/#breadcrumb\"},\"inLanguage\":\"fr-FR\",\"potentialAction\":[{\"@type\":\"ReadAction\",\"target\":[\"https:\/\/mint-square.com\/fr\/gestion-de-campagnes\/publicite-en-temps-reel-rta\/video\/\"]}]},{\"@type\":\"BreadcrumbList\",\"@id\":\"https:\/\/mint-square.com\/fr\/gestion-de-campagnes\/publicite-en-temps-reel-rta\/video\/#breadcrumb\",\"itemListElement\":[{\"@type\":\"ListItem\",\"position\":1,\"name\":\"Startseite\",\"item\":\"https:\/\/mint-square.com\/fr\/\"},{\"@type\":\"ListItem\",\"position\":2,\"name\":\"Gestion de campagnes\",\"item\":\"https:\/\/mint-square.com\/fr\/gestion-de-campagnes\/\"},{\"@type\":\"ListItem\",\"position\":3,\"name\":\"Publicit\u00e9 en temps r\u00e9el (RTA)\",\"item\":\"https:\/\/mint-square.com\/fr\/gestion-de-campagnes\/publicite-en-temps-reel-rta\/\"},{\"@type\":\"ListItem\",\"position\":4,\"name\":\"Vid\u00e9o\"}]},{\"@type\":\"WebSite\",\"@id\":\"https:\/\/mint-square.com\/fr\/#website\",\"url\":\"https:\/\/mint-square.com\/fr\/\",\"name\":\"MINT Square\",\"description\":\"Programmatic Advertising MINT-frisch\",\"potentialAction\":[{\"@type\":\"SearchAction\",\"target\":{\"@type\":\"EntryPoint\",\"urlTemplate\":\"https:\/\/mint-square.com\/fr\/?s={search_term_string}\"},\"query-input\":{\"@type\":\"PropertyValueSpecification\",\"valueRequired\":true,\"valueName\":\"search_term_string\"}}],\"inLanguage\":\"fr-FR\"}]}<\/script>\n<!-- \/ Yoast SEO Premium plugin. -->","yoast_head_json":{"title":"Vid\u00e9o - MINT Square","robots":{"index":"index","follow":"follow","max-snippet":"max-snippet:-1","max-image-preview":"max-image-preview:large","max-video-preview":"max-video-preview:-1"},"canonical":"https:\/\/mint-square.com\/fr\/gestion-de-campagnes\/publicite-en-temps-reel-rta\/video\/","og_locale":"fr_FR","og_type":"article","og_title":"Vid\u00e9o","og_description":"[vc_row row_height_percent=\u00a0\u00bb85&Prime; override_padding=\u00a0\u00bbyes\u00a0\u00bb h_padding=\u00a0\u00bb2&Prime; top_padding=\u00a0\u00bb7&Prime; bottom_padding=\u00a0\u00bb7&Prime; back_image=\u00a0\u00bb103555&Prime; parallax=\u00a0\u00bbyes\u00a0\u00bb kburns=\u00a0\u00bbmagnetic\u00a0\u00bb overlay_alpha=\u00a0\u00bb50&Prime; gutter_size=\u00a0\u00bb3&Prime; column_width_percent=\u00a0\u00bb100&Prime; shift_y=\u00a0\u00bb0&Prime; z_index=\u00a0\u00bb0&Prime; uncode_shortcode_id=\u00a0\u00bb109756&Prime;][vc_column column_width_percent=\u00a0\u00bb100&Prime; position_horizontal=\u00a0\u00bbleft\u00a0\u00bb position_vertical=\u00a0\u00bbmiddle\u00a0\u00bb gutter_size=\u00a0\u00bb2&Prime; style=\u00a0\u00bbdark\u00a0\u00bb [&hellip;]","og_url":"https:\/\/mint-square.com\/fr\/gestion-de-campagnes\/publicite-en-temps-reel-rta\/video\/","og_site_name":"MINT Square","og_image":[{"width":512,"height":512,"url":"https:\/\/mint-square.com\/wp-content\/uploads\/2023\/06\/cropped-mint-square-logo-icon.jpg","type":"image\/jpeg"}],"twitter_card":"summary_large_image","twitter_misc":{"Dur\u00e9e de lecture estim\u00e9e":"6 minutes"},"schema":{"@context":"https:\/\/schema.org","@graph":[{"@type":"WebPage","@id":"https:\/\/mint-square.com\/fr\/gestion-de-campagnes\/publicite-en-temps-reel-rta\/video\/","url":"https:\/\/mint-square.com\/fr\/gestion-de-campagnes\/publicite-en-temps-reel-rta\/video\/","name":"Vid\u00e9o - MINT Square","isPartOf":{"@id":"https:\/\/mint-square.com\/fr\/#website"},"datePublished":"2023-10-28T09:18:51+00:00","breadcrumb":{"@id":"https:\/\/mint-square.com\/fr\/gestion-de-campagnes\/publicite-en-temps-reel-rta\/video\/#breadcrumb"},"inLanguage":"fr-FR","potentialAction":[{"@type":"ReadAction","target":["https:\/\/mint-square.com\/fr\/gestion-de-campagnes\/publicite-en-temps-reel-rta\/video\/"]}]},{"@type":"BreadcrumbList","@id":"https:\/\/mint-square.com\/fr\/gestion-de-campagnes\/publicite-en-temps-reel-rta\/video\/#breadcrumb","itemListElement":[{"@type":"ListItem","position":1,"name":"Startseite","item":"https:\/\/mint-square.com\/fr\/"},{"@type":"ListItem","position":2,"name":"Gestion de campagnes","item":"https:\/\/mint-square.com\/fr\/gestion-de-campagnes\/"},{"@type":"ListItem","position":3,"name":"Publicit\u00e9 en temps r\u00e9el (RTA)","item":"https:\/\/mint-square.com\/fr\/gestion-de-campagnes\/publicite-en-temps-reel-rta\/"},{"@type":"ListItem","position":4,"name":"Vid\u00e9o"}]},{"@type":"WebSite","@id":"https:\/\/mint-square.com\/fr\/#website","url":"https:\/\/mint-square.com\/fr\/","name":"MINT Square","description":"Programmatic Advertising MINT-frisch","potentialAction":[{"@type":"SearchAction","target":{"@type":"EntryPoint","urlTemplate":"https:\/\/mint-square.com\/fr\/?s={search_term_string}"},"query-input":{"@type":"PropertyValueSpecification","valueRequired":true,"valueName":"search_term_string"}}],"inLanguage":"fr-FR"}]}},"_links":{"self":[{"href":"https:\/\/mint-square.com\/fr\/wp-json\/wp\/v2\/pages\/120913","targetHints":{"allow":["GET"]}}],"collection":[{"href":"https:\/\/mint-square.com\/fr\/wp-json\/wp\/v2\/pages"}],"about":[{"href":"https:\/\/mint-square.com\/fr\/wp-json\/wp\/v2\/types\/page"}],"author":[{"embeddable":true,"href":"https:\/\/mint-square.com\/fr\/wp-json\/wp\/v2\/users\/2"}],"replies":[{"embeddable":true,"href":"https:\/\/mint-square.com\/fr\/wp-json\/wp\/v2\/comments?post=120913"}],"version-history":[{"count":0,"href":"https:\/\/mint-square.com\/fr\/wp-json\/wp\/v2\/pages\/120913\/revisions"}],"up":[{"embeddable":true,"href":"https:\/\/mint-square.com\/fr\/wp-json\/wp\/v2\/pages\/120867"}],"wp:attachment":[{"href":"https:\/\/mint-square.com\/fr\/wp-json\/wp\/v2\/media?parent=120913"}],"curies":[{"name":"wp","href":"https:\/\/api.w.org\/{rel}","templated":true}]}}