{"id":120837,"date":"2023-10-23T19:55:56","date_gmt":"2023-10-23T17:55:56","guid":{"rendered":"https:\/\/mint-square.com\/mint-insights\/equipe\/"},"modified":"2025-03-28T18:04:00","modified_gmt":"2025-03-28T17:04:00","slug":"equipe","status":"publish","type":"page","link":"https:\/\/mint-square.com\/fr\/insights\/equipe\/","title":{"rendered":"\u00c9quipe"},"content":{"rendered":"<div class=\"wpb-content-wrapper\"><p>[vc_row row_height_percent=\u00a0\u00bb40&Prime; override_padding=\u00a0\u00bbyes\u00a0\u00bb h_padding=\u00a0\u00bb2&Prime; top_padding=\u00a0\u00bb3&Prime; bottom_padding=\u00a0\u00bb3&Prime; back_color=\u00a0\u00bbcolor-gradient-petrol-blue\u00a0\u00bb overlay_alpha=\u00a0\u00bb60&Prime; gutter_size=\u00a0\u00bb3&Prime; column_width_percent=\u00a0\u00bb100&Prime; shift_y=\u00a0\u00bb0&Prime; z_index=\u00a0\u00bb0&Prime; uncode_shortcode_id=\u00a0\u00bb178138&Prime; back_color_type=\u00a0\u00bbuncode-palette\u00a0\u00bb][vc_column column_width_percent=\u00a0\u00bb100&Prime; position_horizontal=\u00a0\u00bbleft\u00a0\u00bb position_vertical=\u00a0\u00bbmiddle\u00a0\u00bb gutter_size=\u00a0\u00bb2&Prime; style=\u00a0\u00bbdark\u00a0\u00bb overlay_alpha=\u00a0\u00bb50&Prime; shift_x=\u00a0\u00bb0&Prime; shift_y=\u00a0\u00bb0&Prime; shift_y_down=\u00a0\u00bb0&Prime; z_index=\u00a0\u00bb0&Prime; medium_width=\u00a0\u00bb0&Prime; mobile_width=\u00a0\u00bb0&Prime; width=\u00a0\u00bb1\/1&Prime;][vc_custom_heading text_color=\u00a0\u00bbcolor-white\u00a0\u00bb heading_semantic=\u00a0\u00bbh1&Prime; text_size=\u00a0\u00bbfontsize-160000&Prime; text_weight=\u00a0\u00bb500&Prime; text_transform=\u00a0\u00bbuppercase\u00a0\u00bb text_space=\u00a0\u00bbfontspace-135905&Prime; uncode_shortcode_id=\u00a0\u00bb113010&Prime; text_color_type=\u00a0\u00bbuncode-palette\u00a0\u00bb]Des membres de l&rsquo;\u00e9quipe venus du monde entier[\/vc_custom_heading][vc_custom_heading text_color=\u00a0\u00bbcolor-white\u00a0\u00bb heading_semantic=\u00a0\u00bbh1&Prime; text_size=\u00a0\u00bbfontsize-338686&Prime; text_weight=\u00a0\u00bb500&Prime; uncode_shortcode_id=\u00a0\u00bb114494&Prime; text_color_type=\u00a0\u00bbuncode-palette\u00a0\u00bb]Rencontrez l&rsquo;\u00e9quipe ![\/vc_custom_heading][\/vc_column][\/vc_row][vc_row row_height_percent=\u00a0\u00bb80&Prime; override_padding=\u00a0\u00bbyes\u00a0\u00bb h_padding=\u00a0\u00bb2&Prime; top_padding=\u00a0\u00bb0&Prime; bottom_padding=\u00a0\u00bb0&Prime; back_image=\u00a0\u00bb120521&Prime; back_position=\u00a0\u00bbcenter top\u00a0\u00bb kburns=\u00a0\u00bbyes\u00a0\u00bb overlay_color=\u00a0\u00bbcolor-petrol-blue\u00a0\u00bb overlay_alpha=\u00a0\u00bb70&Prime; gutter_size=\u00a0\u00bb3&Prime; column_width_percent=\u00a0\u00bb100&Prime; shift_y=\u00a0\u00bb0&Prime; z_index=\u00a0\u00bb0&Prime; top_divider=\u00a0\u00bbgradient\u00a0\u00bb uncode_shortcode_id=\u00a0\u00bb587185&Prime; overlay_color_type=\u00a0\u00bbuncode-palette\u00a0\u00bb][vc_column column_width_percent=\u00a0\u00bb100&Prime; position_vertical=\u00a0\u00bbmiddle\u00a0\u00bb gutter_size=\u00a0\u00bb2&Prime; style=\u00a0\u00bbdark\u00a0\u00bb overlay_alpha=\u00a0\u00bb50&Prime; shift_x=\u00a0\u00bb0&Prime; shift_y=\u00a0\u00bb0&Prime; shift_y_down=\u00a0\u00bb0&Prime; z_index=\u00a0\u00bb0&Prime; medium_width=\u00a0\u00bb0&Prime; mobile_width=\u00a0\u00bb0&Prime; width=\u00a0\u00bb1\/1&Prime;][vc_custom_heading text_size=\u00a0\u00bbfontsize-739966&Prime; css_animation=\u00a0\u00bbcurtain\u00a0\u00bb uncode_shortcode_id=\u00a0\u00bb927710&Prime;]<\/p>\n<p style=\"text-align: center;\">Une expertise \u00e0 la fra\u00eecheur<br \/>\nde MINT<\/p>\n<p>[\/vc_custom_heading][vc_empty_space][\/vc_column][\/vc_row][vc_row row_height_percent=\u00a0\u00bb0&Prime; override_padding=\u00a0\u00bbyes\u00a0\u00bb h_padding=\u00a0\u00bb2&Prime; top_padding=\u00a0\u00bb5&Prime; bottom_padding=\u00a0\u00bb5&Prime; overlay_alpha=\u00a0\u00bb100&Prime; gutter_size=\u00a0\u00bb2&Prime; column_width_percent=\u00a0\u00bb100&Prime; shift_y=\u00a0\u00bb0&Prime; z_index=\u00a0\u00bb0&Prime; style=\u00a0\u00bbinherited\u00a0\u00bb uncode_shortcode_id=\u00a0\u00bb102032&Prime; el_class=\u00a0\u00bbteam-mates-gallery\u00a0\u00bb][vc_column width=\u00a0\u00bb1\/1&Prime;][vc_gallery el_id=\u00a0\u00bbgallery-318462-829-493&Prime; isotope_mode=\u00a0\u00bbfitRows\u00a0\u00bb random=\u00a0\u00bbyes\u00a0\u00bb medias=\u00a0\u00bb124613,124651,124655,124659,124663,124667,145278,124671,124675,124679,124713,145415,124691,124699,124703,146374,146366&Prime; gutter_size=\u00a0\u00bb5&Prime; media_items=\u00a0\u00bbmedia|nolink|original,icon,title,caption,sep-one|full,description\u00a0\u00bb screen_lg=\u00a0\u00bb1200&Prime; screen_md=\u00a0\u00bb700&Prime; screen_sm=\u00a0\u00bb550&Prime; single_text=\u00a0\u00bbunder\u00a0\u00bb single_width=\u00a0\u00bb6&Prime; images_size=\u00a0\u00bbone-one\u00a0\u00bb single_shape=\u00a0\u00bbcircle\u00a0\u00bb single_overlay_opacity=\u00a0\u00bb50&Prime; single_overlay_anim=\u00a0\u00bbno\u00a0\u00bb single_text_anim=\u00a0\u00bbno\u00a0\u00bb single_image_magnetic=\u00a0\u00bbyes\u00a0\u00bb single_h_align=\u00a0\u00bbcenter\u00a0\u00bb single_padding=\u00a0\u00bb2&Prime; single_title_dimension=\u00a0\u00bbh5&Prime; single_icon=\u00a0\u00bbfa fa-plus2&Prime; single_border=\u00a0\u00bbyes\u00a0\u00bb lbox_title=\u00a0\u00bbyes\u00a0\u00bb lbox_caption=\u00a0\u00bbyes\u00a0\u00bb carousel_rtl=\u00a0\u00bb\u00a0\u00bb single_half_padding=\u00a0\u00bbyes\u00a0\u00bb single_title_uppercase=\u00a0\u00bb\u00a0\u00bb single_title_serif=\u00a0\u00bb\u00a0\u00bb single_no_background=\u00a0\u00bbyes\u00a0\u00bb items=\u00a0\u00bbeyIxMzc2M19pIjp7InNpbmdsZV9saW5rIjoidXJsOmh0dHAlM0ElMkYlMkZ3d3cudW5kc2duLmNvbXx8dGFyZ2V0OiUyMF9ibGFuayJ9LCIxMzc2OV9pIjp7InNpbmdsZV9saW5rIjoidXJsOmh0dHAlM0ElMkYlMkZ3d3cudW5kc2duLmNvbXx8dGFyZ2V0OiUyMF9ibGFuayJ9LCIxMzc3MF9pIjp7InNpbmdsZV9saW5rIjoidXJsOmh0dHAlM0ElMkYlMkZ3d3cudW5kc2duLmNvbXx8dGFyZ2V0OiUyMF9ibGFuayJ9LCIxMzc2Nl9pIjp7InNpbmdsZV9saW5rIjoidXJsOmh0dHAlM0ElMkYlMkZ3d3cudW5kc2duLmNvbXx8dGFyZ2V0OiUyMF9ibGFuayJ9fQ==\u00a0\u00bb uncode_shortcode_id=\u00a0\u00bb472135&Prime;][\/vc_column][\/vc_row][vc_row row_height_percent=\u00a0\u00bb0&Prime; override_padding=\u00a0\u00bbyes\u00a0\u00bb h_padding=\u00a0\u00bb2&Prime; top_padding=\u00a0\u00bb5&Prime; bottom_padding=\u00a0\u00bb5&Prime; back_color=\u00a0\u00bbcolor-petrol-blue\u00a0\u00bb overlay_alpha=\u00a0\u00bb50&Prime; gutter_size=\u00a0\u00bb3&Prime; column_width_percent=\u00a0\u00bb100&Prime; shift_y=\u00a0\u00bb0&Prime; z_index=\u00a0\u00bb0&Prime; uncode_shortcode_id=\u00a0\u00bb500884&Prime; back_color_type=\u00a0\u00bbuncode-palette\u00a0\u00bb][vc_column column_width_percent=\u00a0\u00bb100&Prime; position_vertical=\u00a0\u00bbmiddle\u00a0\u00bb align_horizontal=\u00a0\u00bbalign_center\u00a0\u00bb gutter_size=\u00a0\u00bb2&Prime; style=\u00a0\u00bbdark\u00a0\u00bb overlay_alpha=\u00a0\u00bb50&Prime; shift_x=\u00a0\u00bb0&Prime; shift_y=\u00a0\u00bb0&Prime; shift_y_down=\u00a0\u00bb0&Prime; z_index=\u00a0\u00bb0&Prime; medium_width=\u00a0\u00bb0&Prime; mobile_width=\u00a0\u00bb0&Prime; width=\u00a0\u00bb1\/1&Prime; uncode_shortcode_id=\u00a0\u00bb120677&Prime;][vc_custom_heading heading_semantic=\u00a0\u00bbh6&Prime; text_size=\u00a0\u00bbfontsize-160000&Prime; text_weight=\u00a0\u00bb500&Prime; text_transform=\u00a0\u00bbuppercase\u00a0\u00bb text_space=\u00a0\u00bbfontspace-135905&Prime; uncode_shortcode_id=\u00a0\u00bb101559&Prime;]Projets \u00e0 la fra\u00eecheur de MINT[\/vc_custom_heading][vc_custom_heading text_color=\u00a0\u00bbcolor-mint-green\u00a0\u00bb heading_semantic=\u00a0\u00bbh3&Prime; text_size=\u00a0\u00bbfontsize-155944&Prime; text_weight=\u00a0\u00bb500&Prime; uncode_shortcode_id=\u00a0\u00bb786810&Prime; text_color_type=\u00a0\u00bbuncode-palette\u00a0\u00bb]Ensemble, faisons de <strong>votre campagne<\/strong> un <strong>succ\u00e8s<\/strong>![\/vc_custom_heading][vc_empty_space][vc_button size=\u00a0\u00bbbtn-lg\u00a0\u00bb hover_fx=\u00a0\u00bboutlined\u00a0\u00bb text_skin=\u00a0\u00bbyes\u00a0\u00bb custom_typo=\u00a0\u00bbyes\u00a0\u00bb font_family=\u00a0\u00bbfont-193853&Prime; font_weight=\u00a0\u00bb500&Prime; border_width=\u00a0\u00bb0&Prime; link=\u00a0\u00bburl:https%3A%2F%2Fmint-square.com%2Ffr%2Fmint-insight%2Fkontakt%2F|title:Kontakt\u00a0\u00bb uncode_shortcode_id=\u00a0\u00bb876403&Prime;]Contactez-nous[\/vc_button][\/vc_column][\/vc_row]<\/p>\n<\/div>","protected":false},"excerpt":{"rendered":"<p>Cr\u00e9ez facilement les listes des membres de votre \u00e9quipe en utilisant diff\u00e9rents modes de mise en page personnalis\u00e9s, en ajoutant des descriptions, des r\u00f4les, des profils sociaux ou des options et des effets de bo\u00eete \u00e0 lumi\u00e8re.<\/p>\n","protected":false},"author":2,"featured_media":0,"parent":120826,"menu_order":0,"comment_status":"closed","ping_status":"closed","template":"","meta":{"footnotes":""},"class_list":["post-120837","page","type-page","status-publish","hentry","page_category-pages-mint"],"yoast_head":"<!-- This site is optimized with the Yoast SEO Premium plugin v26.7 (Yoast SEO v26.7) - https:\/\/yoast.com\/wordpress\/plugins\/seo\/ -->\n<title>\u00c9quipe - MINT Square<\/title>\n<meta name=\"robots\" content=\"index, follow, max-snippet:-1, max-image-preview:large, max-video-preview:-1\" \/>\n<link rel=\"canonical\" href=\"https:\/\/mint-square.com\/fr\/insights\/equipe\/\" \/>\n<meta property=\"og:locale\" content=\"fr_FR\" \/>\n<meta property=\"og:type\" content=\"article\" \/>\n<meta property=\"og:title\" content=\"\u00c9quipe\" \/>\n<meta property=\"og:description\" content=\"Cr\u00e9ez facilement les listes des membres de votre \u00e9quipe en utilisant diff\u00e9rents modes de mise en page personnalis\u00e9s, en ajoutant des descriptions, des r\u00f4les, des profils sociaux ou des options et des effets de bo\u00eete \u00e0 lumi\u00e8re.\" \/>\n<meta property=\"og:url\" content=\"https:\/\/mint-square.com\/fr\/insights\/equipe\/\" \/>\n<meta property=\"og:site_name\" content=\"MINT Square\" \/>\n<meta property=\"article:modified_time\" content=\"2025-03-28T17:04:00+00:00\" \/>\n<meta property=\"og:image\" content=\"https:\/\/mint-square.com\/wp-content\/uploads\/2023\/06\/cropped-mint-square-logo-icon.jpg\" \/>\n\t<meta property=\"og:image:width\" content=\"512\" \/>\n\t<meta property=\"og:image:height\" content=\"512\" \/>\n\t<meta property=\"og:image:type\" content=\"image\/jpeg\" \/>\n<meta name=\"twitter:card\" content=\"summary_large_image\" \/>\n<meta name=\"twitter:label1\" content=\"Dur\u00e9e de lecture estim\u00e9e\" \/>\n\t<meta name=\"twitter:data1\" content=\"2 minutes\" \/>\n<script type=\"application\/ld+json\" class=\"yoast-schema-graph\">{\"@context\":\"https:\/\/schema.org\",\"@graph\":[{\"@type\":\"WebPage\",\"@id\":\"https:\/\/mint-square.com\/fr\/insights\/equipe\/\",\"url\":\"https:\/\/mint-square.com\/fr\/insights\/equipe\/\",\"name\":\"\u00c9quipe - MINT Square\",\"isPartOf\":{\"@id\":\"https:\/\/mint-square.com\/fr\/#website\"},\"datePublished\":\"2023-10-23T17:55:56+00:00\",\"dateModified\":\"2025-03-28T17:04:00+00:00\",\"breadcrumb\":{\"@id\":\"https:\/\/mint-square.com\/fr\/insights\/equipe\/#breadcrumb\"},\"inLanguage\":\"fr-FR\",\"potentialAction\":[{\"@type\":\"ReadAction\",\"target\":[\"https:\/\/mint-square.com\/fr\/insights\/equipe\/\"]}]},{\"@type\":\"BreadcrumbList\",\"@id\":\"https:\/\/mint-square.com\/fr\/insights\/equipe\/#breadcrumb\",\"itemListElement\":[{\"@type\":\"ListItem\",\"position\":1,\"name\":\"Startseite\",\"item\":\"https:\/\/mint-square.com\/fr\/\"},{\"@type\":\"ListItem\",\"position\":2,\"name\":\"MINT Insights\",\"item\":\"https:\/\/mint-square.com\/fr\/insights\/\"},{\"@type\":\"ListItem\",\"position\":3,\"name\":\"\u00c9quipe\"}]},{\"@type\":\"WebSite\",\"@id\":\"https:\/\/mint-square.com\/fr\/#website\",\"url\":\"https:\/\/mint-square.com\/fr\/\",\"name\":\"MINT Square\",\"description\":\"Programmatic Advertising MINT-frisch\",\"potentialAction\":[{\"@type\":\"SearchAction\",\"target\":{\"@type\":\"EntryPoint\",\"urlTemplate\":\"https:\/\/mint-square.com\/fr\/?s={search_term_string}\"},\"query-input\":{\"@type\":\"PropertyValueSpecification\",\"valueRequired\":true,\"valueName\":\"search_term_string\"}}],\"inLanguage\":\"fr-FR\"}]}<\/script>\n<!-- \/ Yoast SEO Premium plugin. -->","yoast_head_json":{"title":"\u00c9quipe - MINT Square","robots":{"index":"index","follow":"follow","max-snippet":"max-snippet:-1","max-image-preview":"max-image-preview:large","max-video-preview":"max-video-preview:-1"},"canonical":"https:\/\/mint-square.com\/fr\/insights\/equipe\/","og_locale":"fr_FR","og_type":"article","og_title":"\u00c9quipe","og_description":"Cr\u00e9ez facilement les listes des membres de votre \u00e9quipe en utilisant diff\u00e9rents modes de mise en page personnalis\u00e9s, en ajoutant des descriptions, des r\u00f4les, des profils sociaux ou des options et des effets de bo\u00eete \u00e0 lumi\u00e8re.","og_url":"https:\/\/mint-square.com\/fr\/insights\/equipe\/","og_site_name":"MINT Square","article_modified_time":"2025-03-28T17:04:00+00:00","og_image":[{"width":512,"height":512,"url":"https:\/\/mint-square.com\/wp-content\/uploads\/2023\/06\/cropped-mint-square-logo-icon.jpg","type":"image\/jpeg"}],"twitter_card":"summary_large_image","twitter_misc":{"Dur\u00e9e de lecture estim\u00e9e":"2 minutes"},"schema":{"@context":"https:\/\/schema.org","@graph":[{"@type":"WebPage","@id":"https:\/\/mint-square.com\/fr\/insights\/equipe\/","url":"https:\/\/mint-square.com\/fr\/insights\/equipe\/","name":"\u00c9quipe - MINT Square","isPartOf":{"@id":"https:\/\/mint-square.com\/fr\/#website"},"datePublished":"2023-10-23T17:55:56+00:00","dateModified":"2025-03-28T17:04:00+00:00","breadcrumb":{"@id":"https:\/\/mint-square.com\/fr\/insights\/equipe\/#breadcrumb"},"inLanguage":"fr-FR","potentialAction":[{"@type":"ReadAction","target":["https:\/\/mint-square.com\/fr\/insights\/equipe\/"]}]},{"@type":"BreadcrumbList","@id":"https:\/\/mint-square.com\/fr\/insights\/equipe\/#breadcrumb","itemListElement":[{"@type":"ListItem","position":1,"name":"Startseite","item":"https:\/\/mint-square.com\/fr\/"},{"@type":"ListItem","position":2,"name":"MINT Insights","item":"https:\/\/mint-square.com\/fr\/insights\/"},{"@type":"ListItem","position":3,"name":"\u00c9quipe"}]},{"@type":"WebSite","@id":"https:\/\/mint-square.com\/fr\/#website","url":"https:\/\/mint-square.com\/fr\/","name":"MINT Square","description":"Programmatic Advertising MINT-frisch","potentialAction":[{"@type":"SearchAction","target":{"@type":"EntryPoint","urlTemplate":"https:\/\/mint-square.com\/fr\/?s={search_term_string}"},"query-input":{"@type":"PropertyValueSpecification","valueRequired":true,"valueName":"search_term_string"}}],"inLanguage":"fr-FR"}]}},"_links":{"self":[{"href":"https:\/\/mint-square.com\/fr\/wp-json\/wp\/v2\/pages\/120837","targetHints":{"allow":["GET"]}}],"collection":[{"href":"https:\/\/mint-square.com\/fr\/wp-json\/wp\/v2\/pages"}],"about":[{"href":"https:\/\/mint-square.com\/fr\/wp-json\/wp\/v2\/types\/page"}],"author":[{"embeddable":true,"href":"https:\/\/mint-square.com\/fr\/wp-json\/wp\/v2\/users\/2"}],"replies":[{"embeddable":true,"href":"https:\/\/mint-square.com\/fr\/wp-json\/wp\/v2\/comments?post=120837"}],"version-history":[{"count":10,"href":"https:\/\/mint-square.com\/fr\/wp-json\/wp\/v2\/pages\/120837\/revisions"}],"predecessor-version":[{"id":146382,"href":"https:\/\/mint-square.com\/fr\/wp-json\/wp\/v2\/pages\/120837\/revisions\/146382"}],"up":[{"embeddable":true,"href":"https:\/\/mint-square.com\/fr\/wp-json\/wp\/v2\/pages\/120826"}],"wp:attachment":[{"href":"https:\/\/mint-square.com\/fr\/wp-json\/wp\/v2\/media?parent=120837"}],"curies":[{"name":"wp","href":"https:\/\/api.w.org\/{rel}","templated":true}]}}