{"id":123360,"date":"2024-03-19T12:17:07","date_gmt":"2024-03-19T11:17:07","guid":{"rendered":"https:\/\/mint-square.com\/mint-insights\/proteccion-de-datos\/"},"modified":"2026-03-06T14:43:19","modified_gmt":"2026-03-06T13:43:19","slug":"proteccion-de-datos","status":"publish","type":"page","link":"https:\/\/mint-square.com\/es\/mint-insights\/proteccion-de-datos\/","title":{"rendered":"Protecci\u00f3n de datos"},"content":{"rendered":"<div class=\"wpb-content-wrapper\"><p>[vc_row row_height_percent=\u00bb50&#8243; override_padding=\u00bbyes\u00bb h_padding=\u00bb4&#8243; top_padding=\u00bb4&#8243; bottom_padding=\u00bb4&#8243; back_color=\u00bbcolor-gradient-petrol-blue\u00bb overlay_alpha=\u00bb0&#8243; gutter_size=\u00bb3&#8243; column_width_percent=\u00bb100&#8243; shift_y=\u00bb0&#8243; z_index=\u00bb0&#8243; top_divider=\u00bbgradient\u00bb uncode_shortcode_id=\u00bb144821&#8243; back_color_type=\u00bbuncode-palette\u00bb][vc_column column_width_percent=\u00bb100&#8243; position_vertical=\u00bbmiddle\u00bb gutter_size=\u00bb2&#8243; style=\u00bbdark\u00bb overlay_alpha=\u00bb50&#8243; shift_x=\u00bb0&#8243; shift_y=\u00bb0&#8243; shift_y_down=\u00bb0&#8243; z_index=\u00bb0&#8243; medium_width=\u00bb0&#8243; mobile_width=\u00bb0&#8243; width=\u00bb1\/1&#8243;][vc_custom_heading text_size=\u00bbfontsize-338686&#8243; text_weight=\u00bb500&#8243; css_animation=\u00bbzoom-in\u00bb uncode_shortcode_id=\u00bb136946&#8243;]Protecci\u00f3n de datos[\/vc_custom_heading][\/vc_column][\/vc_row][vc_row unlock_row_content=\u00bbyes\u00bb row_height_percent=\u00bb0&#8243; override_padding=\u00bbyes\u00bb h_padding=\u00bb2&#8243; top_padding=\u00bb0&#8243; bottom_padding=\u00bb5&#8243; overlay_alpha=\u00bb50&#8243; gutter_size=\u00bb0&#8243; column_width_use_pixel=\u00bbyes\u00bb shift_y=\u00bb0&#8243; z_index=\u00bb0&#8243; enable_top_divider=\u00bbdefault\u00bb top_divider=\u00bbgradient\u00bb shape_top_h_use_pixel=\u00bbtrue\u00bb shape_top_height_percent=\u00bb100&#8243; shape_top_opacity=\u00bb100&#8243; shape_top_index=\u00bb0&#8243; column_width_pixel=\u00bb1400&#8243; uncode_shortcode_id=\u00bb619031&#8243;][vc_column column_width_percent=\u00bb100&#8243; align_horizontal=\u00bbalign_center\u00bb gutter_size=\u00bb3&#8243; override_padding=\u00bbyes\u00bb column_padding=\u00bb0&#8243; overlay_alpha=\u00bb50&#8243; radius=\u00bbsm\u00bb shadow=\u00bbxl\u00bb shadow_darker=\u00bbyes\u00bb shift_x=\u00bb0&#8243; shift_y=\u00bb-3&#8243; shift_y_fixed=\u00bbyes\u00bb shift_y_down=\u00bb0&#8243; z_index=\u00bb0&#8243; medium_width=\u00bb0&#8243; mobile_width=\u00bb0&#8243; width=\u00bb1\/1&#8243; uncode_shortcode_id=\u00bb181439&#8243;][vc_row_inner row_inner_height_percent=\u00bb0&#8243; overlay_alpha=\u00bb50&#8243; equal_height=\u00bbyes\u00bb gutter_size=\u00bb0&#8243; shift_y=\u00bb0&#8243; z_index=\u00bb0&#8243; limit_content=\u00bb\u00bb uncode_shortcode_id=\u00bb265321&#8243;][vc_column_inner column_width_percent=\u00bb100&#8243; align_horizontal=\u00bbalign_center\u00bb gutter_size=\u00bb3&#8243; style=\u00bbdark\u00bb back_color=\u00bbcolor-gradient-petrol-blue\u00bb overlay_alpha=\u00bb50&#8243; shift_x=\u00bb0&#8243; shift_y=\u00bb0&#8243; shift_y_down=\u00bb0&#8243; z_index=\u00bb0&#8243; medium_width=\u00bb3&#8243; mobile_width=\u00bb0&#8243; width=\u00bb1\/3&#8243; uncode_shortcode_id=\u00bb205917&#8243; back_color_type=\u00bbuncode-palette\u00bb][vc_icon display=\u00bbinline\u00bb icon=\u00bbfa fa-file-o\u00bb size=\u00bbfa-2x\u00bb heading_semantic=\u00bbh4&#8243; text_size=\u00bbh4&#8243; text_weight=\u00bb600&#8243; text_lead=\u00bbsmall\u00bb text_reduced=\u00bbyes\u00bb title=\u00bbPol\u00edtica general de privacidad &#8211; APD+MOT\u00bb uncode_shortcode_id=\u00bb793044&#8243; el_class=\u00bb.link-boxes-top\u00bb]<strong>Estado: 2021-01-21<\/strong><\/p>\n<p>Aqu\u00ed puedes descargar nuestra pol\u00edtica de privacidad, incluido el acuerdo de tratamiento de datos (APD) y las medidas t\u00e9cnicas de organizaci\u00f3n (MOT).[\/vc_icon][vc_button size=\u00bbbtn-lg\u00bb custom_typo=\u00bbyes\u00bb font_family=\u00bbfont-193853&#8243; font_weight=\u00bb400&#8243; border_width=\u00bb0&#8243; uncode_shortcode_id=\u00bb165548&#8243; link=\u00bburl:https%3A%2F%2Fmint-square.com%2Fwp-content%2Fuploads%2F2024%2F03%2Fmint-square-dpa-en.pdf|title:Download|target:_blank\u00bb]Descargar ahora[\/vc_button][\/vc_column_inner][vc_column_inner column_width_percent=\u00bb100&#8243; align_horizontal=\u00bbalign_center\u00bb gutter_size=\u00bb3&#8243; style=\u00bbdark\u00bb back_color=\u00bbcolor-gradient-petrol-blue\u00bb overlay_alpha=\u00bb15&#8243; shift_x=\u00bb0&#8243; shift_y=\u00bb0&#8243; shift_y_down=\u00bb0&#8243; z_index=\u00bb0&#8243; medium_width=\u00bb3&#8243; mobile_width=\u00bb0&#8243; width=\u00bb1\/3&#8243; uncode_shortcode_id=\u00bb946823&#8243; back_color_type=\u00bbuncode-palette\u00bb][vc_icon icon=\u00bbfa fa-user\u00bb size=\u00bbfa-2x\u00bb heading_semantic=\u00bbh4&#8243; text_size=\u00bbh4&#8243; text_weight=\u00bb600&#8243; text_lead=\u00bbsmall\u00bb text_reduced=\u00bbyes\u00bb title=\u00bbPol\u00edtica de privacidad &#8211; Candidatos\u00bb uncode_shortcode_id=\u00bb195895&#8243;]<strong>Estado: 2023-12-18<\/strong><\/p>\n<p>Puede descargar nuestra pol\u00edtica de privacidad para solicitantes aqu\u00ed.[\/vc_icon][vc_button size=\u00bbbtn-lg\u00bb custom_typo=\u00bbyes\u00bb font_family=\u00bbfont-193853&#8243; font_weight=\u00bb400&#8243; border_width=\u00bb0&#8243; uncode_shortcode_id=\u00bb148810&#8243; link=\u00bburl:https%3A%2F%2Fmint-square.com%2Fwp-content%2Fuploads%2F2024%2F03%2Fmint-square-datenschutzerklaerung-bewerber.pdf|title:Download|target:_blank\u00bb]Descargar[\/vc_button][\/vc_column_inner][vc_column_inner column_width_percent=\u00bb100&#8243; align_horizontal=\u00bbalign_center\u00bb gutter_size=\u00bb3&#8243; style=\u00bbdark\u00bb back_color=\u00bbcolor-gradient-petrol-blue\u00bb overlay_alpha=\u00bb14&#8243; shift_x=\u00bb0&#8243; shift_y=\u00bb0&#8243; shift_y_down=\u00bb0&#8243; z_index=\u00bb0&#8243; medium_width=\u00bb3&#8243; mobile_width=\u00bb0&#8243; width=\u00bb1\/3&#8243; uncode_shortcode_id=\u00bb199929&#8243; back_color_type=\u00bbuncode-palette\u00bb][vc_icon icon=\u00bbfa fa-phone-handset\u00bb size=\u00bbfa-2x\u00bb heading_semantic=\u00bbh4&#8243; text_size=\u00bbh4&#8243; text_weight=\u00bb600&#8243; text_lead=\u00bbsmall\u00bb text_reduced=\u00bbyes\u00bb title=\u00bbPol\u00edtica de privacidad &#8211; Conferencias telef\u00f3nicas y por Internet\u00bb uncode_shortcode_id=\u00bb929089&#8243;]<strong>Estado: 2023-12-18<\/strong><\/p>\n<p>Puede descargar aqu\u00ed nuestra pol\u00edtica de privacidad para conferencias telef\u00f3nicas o por Internet.[\/vc_icon][vc_button size=\u00bbbtn-lg\u00bb custom_typo=\u00bbyes\u00bb font_family=\u00bbfont-193853&#8243; font_weight=\u00bb400&#8243; border_width=\u00bb0&#8243; uncode_shortcode_id=\u00bb390286&#8243; link=\u00bburl:https%3A%2F%2Fmint-square.com%2Fwp-content%2Fuploads%2F2024%2F03%2Fmint-square-datenschutzerklaerung-telefon-webkonferenz.pdf|title:Download|target:_blank\u00bb]Descargar[\/vc_button][\/vc_column_inner][\/vc_row_inner][\/vc_column][\/vc_row][vc_row row_height_percent=\u00bb0&#8243; override_padding=\u00bbyes\u00bb h_padding=\u00bb2&#8243; top_padding=\u00bb2&#8243; bottom_padding=\u00bb2&#8243; overlay_alpha=\u00bb50&#8243; gutter_size=\u00bb3&#8243; column_width_percent=\u00bb100&#8243; shift_y=\u00bb0&#8243; z_index=\u00bb0&#8243; uncode_shortcode_id=\u00bb103686&#8243;][vc_column width=\u00bb1\/1&#8243;][vc_custom_heading text_weight=\u00bb700&#8243; uncode_shortcode_id=\u00bb169055&#8243;]<\/p>\n<h2>Uso de cookies en nuestro sitio web<\/h2>\n<p>[\/vc_custom_heading][\/vc_column][\/vc_row][vc_row row_height_percent=\u00bb0&#8243; override_padding=\u00bbyes\u00bb h_padding=\u00bb2&#8243; top_padding=\u00bb0&#8243; bottom_padding=\u00bb4&#8243; overlay_alpha=\u00bb50&#8243; gutter_size=\u00bb3&#8243; column_width_percent=\u00bb100&#8243; shift_y=\u00bb0&#8243; z_index=\u00bb0&#8243; uncode_shortcode_id=\u00bb118852&#8243;][vc_column width=\u00bb1\/1&#8243;][vc_column_text text_color=\u00bbcolor-black\u00bb uncode_shortcode_id=\u00bb576549&#8243; text_color_type=\u00bbuncode-palette\u00bb]<\/p>\n<h3>Google Analytics<\/h3>\n<p>Este sitio web utiliza Google Analytics, un servicio anal\u00edtico de web prestado por Google Inc. (\u201eGoogle\u201c). Google Analytics utiliza \u00abcookies\u00bb, que son archivos de texto ubicados en su ordenador, para ayudar al website a analizar el uso que hacen los usuarios del sitio web. La informaci\u00f3n que genera la cookie acerca de su uso de este sitio web normalmente se transmite a un servidor de Google en los EE.UU. y se almacena all\u00ed. Sin embargo, si la anonimizaci\u00f3n de IP est\u00e1 activada en este sitio web, su direcci\u00f3n IP ser\u00e1 primero truncada por Google dentro de los estados miembros de la Uni\u00f3n Europea o en otros estados signatarios del Acuerdo sobre el Espacio Econ\u00f3mico Europeo. S\u00f3lo en casos excepcionales se transmitir\u00e1 la direcci\u00f3n IP completa a un servidor de Google en EE.UU. y se acortar\u00e1 all\u00ed. En nombre del operador de este sitio web, Google usar\u00e1 esta informaci\u00f3n para analizar su uso del sitio web, recopilar informes sobre la actividad del sitio web y prestar otros servicios relacionados con la actividad del sitio web y el uso de Internet al operador del sitio web. La direcci\u00f3n IP transmitida por su navegador como parte de Google Analytics no se fusionar\u00e1 con otros datos de Google. Usted puede rechazar el uso de cookies seleccionando la configuraci\u00f3n apropiada en su navegador; no obstante, tenga en cuenta que si lo hace es posible que no pueda utilizar todas las funciones de este sitio web. Tambi\u00e9n puedes impedir que Google recopile los datos generados por la cookie y relacionados con tu uso del sitio web (incluida tu direcci\u00f3n IP) y que Google procese estos datos descargando e instalando el complemento del navegador disponible en el siguiente enlace (http:\/\/tools.google.com\/dlpage\/gaoptout?hl=de).<br \/>\nPuedes impedir la recopilaci\u00f3n por parte de Google Analytics haciendo clic en el siguiente enlace. Se instalar\u00e1 una cookie de inhabilitaci\u00f3n para impedir la futura recopilaci\u00f3n de tus datos cuando visites este sitio web: Haz clic aqu\u00ed para excluirte de Google Analytics<br \/>\nPara obtener m\u00e1s informaci\u00f3n sobre las condiciones de uso y la protecci\u00f3n de datos, visita http:\/\/www.google.com\/analytics\/terms\/de.html o https:\/\/www.google.de\/intl\/de\/policies\/. Ten en cuenta que en este sitio web Google Analytics se ha ampliado con el c\u00f3digo \u00abanonymizeIp\u00bb para garantizar la recopilaci\u00f3n an\u00f3nima de direcciones IP (el denominado enmascaramiento de IP). Tambi\u00e9n nos gustar\u00eda se\u00f1alar que en nuestro sitio web Google Analytics se ha ampliado con el c\u00f3digo \u00abanonymizeIp();\u00bb para anonimizar las direcciones IP, mediante el cual se elimina el \u00faltimo octeto.<\/p>\n<p>&nbsp;<\/p>\n<h3>Adform<\/h3>\n<p>Adform no recopila datos personales a trav\u00e9s del sitio web que usted visita, aparte de la informaci\u00f3n que usted proporciona de forma voluntaria. Adform presta especial atenci\u00f3n a la privacidad en l\u00ednea y apoya continuamente las iniciativas de autorregulaci\u00f3n y la legislaci\u00f3n de los mercados en los que opera, como el Reglamento del Grupo World Wide Web (W3), los Proyectos de Preferencias de Privacidad (P3P), los Principios de Buenas Pr\u00e1cticas para la Publicidad Comportamental en L\u00ednea (OBA) de la Oficina de Publicidad en Internet (IAB) o la Directiva de Protecci\u00f3n de Datos de la Uni\u00f3n Europea. Usted tiene la opci\u00f3n de oponerse al almacenamiento de cookies en su PC cuando se muestran anuncios por el Ad Serving System de Adform.<br \/>\nAdform utiliza un mecanismo de cookies para decidir qu\u00e9 anuncios mostrar, como anuncios de productos similares que un visitante ha visto antes, pero s\u00f3lo de forma an\u00f3nima. Esto significa que Adform no almacena ninguna informaci\u00f3n personal como direcciones de correo electr\u00f3nico, nombres o direcciones en la cookie o en el perfil basado en la cookie. Una cookie es un peque\u00f1o archivo de texto que puede almacenarse en un ordenador cuando un usuario utiliza un navegador para ver anuncios o sitios web de un cliente de Adform. La cookie no recoge nombres, direcciones, n\u00fameros de tel\u00e9fono, direcciones de correo electr\u00f3nico u otros datos que identifiquen personalmente al usuario. En su lugar, la cookie contiene: un n\u00famero de identificaci\u00f3n aleatorio, opciones para aceptarla o rechazarla, o informaci\u00f3n sobre campa\u00f1as \/ actividades publicitarias en el sitio web de un anunciante. Con los n\u00fameros de identificaci\u00f3n aleatorios de las cookies, Adform recopila y almacena informaci\u00f3n an\u00f3nima en los perfiles basados en cookies como: Sistema operativo, versi\u00f3n del navegador, ubicaci\u00f3n geogr\u00e1fica, URL en las que Adform muestra anuncios o datos sobre interacciones con anuncios (por ejemplo, n\u00famero de clics o visualizaciones). Durante las solicitudes web en los servidores web de Adform, las direcciones IP de los usuarios de Internet son accesibles a nuestro sistema. Adform act\u00faa en pleno cumplimiento de las leyes locales de protecci\u00f3n de datos y anonimiza los datos de acuerdo con la normativa local. Adform no comparte estos datos con terceros y los utiliza \u00fanicamente con fines de an\u00e1lisis en nombre de los propietarios del sitio web.<br \/>\nEncontrar\u00e1 m\u00e1s informaci\u00f3n sobre la protecci\u00f3n de datos de Adform y la opci\u00f3n de exclusi\u00f3n voluntaria en https:\/\/site.adform.com\/privacy-center\/website-privacy\/opt-out\/.<\/p>\n<p>&nbsp;<\/p>\n<h3>Meta<\/h3>\n<p>El \u00abvisitor action pixel\u00bb es un servicio prestado por Meta Platforms, Inc, 1 Hacker Way, Menlo Park, CA 94025, USA. Si reside en la UE, es Meta Platforms Ireland Limited, 4 Grand Canal Square, Dubl\u00edn 2, Irlanda. El p\u00edxel permite a MINT Square determinar grupos objetivo para anuncios en metaplataformas, los denominados \u00abmetaanuncios\u00bb, sobre la base de las visitas a nuestro sitio web y el comportamiento de navegaci\u00f3n en el mismo. Tambi\u00e9n utilizamos este p\u00edxel para medir la eficacia publicitaria de las medidas de marketing en l\u00ednea. Esto nos permite realizar un seguimiento de las acciones de los usuarios despu\u00e9s de que hayan visto y\/o hecho clic en un metaanuncio y despu\u00e9s hayan venido a nuestro sitio web para realizar una acci\u00f3n. Cuando se accede al sitio web, el p\u00edxel es integrado directamente por Meta y puede almacenar una cookie en su dispositivo final (por ejemplo, ordenador de sobremesa, tel\u00e9fono m\u00f3vil o tableta). Si posteriormente inicia sesi\u00f3n en Meta o ya lo ha hecho, su visita al sitio web quedar\u00e1 registrada en su perfil de Meta. Los datos de usuario recogidos son, por supuesto, an\u00f3nimos para MINT Square y, por tanto, no permiten extraer conclusiones sobre la identidad del usuario. Sin embargo, estos datos son almacenados y procesados por Meta para que sea posible extraer conclusiones sobre el perfil del usuario respectivo. El tratamiento de datos por parte de Meta se lleva a cabo de conformidad con la Pol\u00edtica de Uso de Datos de Meta. Si usted no es miembro de Meta, no se ver\u00e1 afectado por este tratamiento de datos. Puede desactivar el p\u00edxel de Meta a trav\u00e9s del siguiente enlace: <a href=\"https:\/\/www.meta.com\/settings?tab=ads\" target=\"_blank\" rel=\"noopener noreferrer\">https:\/\/www.meta.com\/settings?tab=ads<\/a>[\/vc_column_text][\/vc_column][\/vc_row]<\/p>\n<\/div>","protected":false},"excerpt":{"rendered":"<p>[vc_row row_height_percent=\u00bb50&#8243; override_padding=\u00bbyes\u00bb h_padding=\u00bb4&#8243; top_padding=\u00bb4&#8243; bottom_padding=\u00bb4&#8243; back_color=\u00bbcolor-gradient-petrol-blue\u00bb overlay_alpha=\u00bb0&#8243; gutter_size=\u00bb3&#8243; column_width_percent=\u00bb100&#8243; shift_y=\u00bb0&#8243; z_index=\u00bb0&#8243; top_divider=\u00bbgradient\u00bb uncode_shortcode_id=\u00bb144821&#8243; back_color_type=\u00bbuncode-palette\u00bb][vc_column column_width_percent=\u00bb100&#8243; position_vertical=\u00bbmiddle\u00bb gutter_size=\u00bb2&#8243; style=\u00bbdark\u00bb overlay_alpha=\u00bb50&#8243; [&hellip;]<\/p>\n","protected":false},"author":2,"featured_media":0,"parent":120940,"menu_order":0,"comment_status":"closed","ping_status":"closed","template":"","meta":{"footnotes":""},"class_list":["post-123360","page","type-page","status-publish","hentry","page_category-paginas-mint"],"yoast_head":"<!-- This site is optimized with the Yoast SEO Premium plugin v26.7 (Yoast SEO v26.7) - https:\/\/yoast.com\/wordpress\/plugins\/seo\/ -->\n<title>Protecci\u00f3n de datos - MINT Square<\/title>\n<meta name=\"robots\" content=\"index, follow, max-snippet:-1, max-image-preview:large, max-video-preview:-1\" \/>\n<link rel=\"canonical\" href=\"https:\/\/mint-square.com\/es\/mint-insights\/proteccion-de-datos\/\" \/>\n<meta property=\"og:locale\" content=\"es_ES\" \/>\n<meta property=\"og:type\" content=\"article\" \/>\n<meta property=\"og:title\" content=\"Protecci\u00f3n de datos\" \/>\n<meta property=\"og:description\" content=\"[vc_row row_height_percent=\u00bb50&#8243; override_padding=\u00bbyes\u00bb h_padding=\u00bb4&#8243; top_padding=\u00bb4&#8243; bottom_padding=\u00bb4&#8243; back_color=\u00bbcolor-gradient-petrol-blue\u00bb overlay_alpha=\u00bb0&#8243; gutter_size=\u00bb3&#8243; column_width_percent=\u00bb100&#8243; shift_y=\u00bb0&#8243; z_index=\u00bb0&#8243; top_divider=\u00bbgradient\u00bb uncode_shortcode_id=\u00bb144821&#8243; back_color_type=\u00bbuncode-palette\u00bb][vc_column column_width_percent=\u00bb100&#8243; position_vertical=\u00bbmiddle\u00bb gutter_size=\u00bb2&#8243; style=\u00bbdark\u00bb overlay_alpha=\u00bb50&#8243; [&hellip;]\" \/>\n<meta property=\"og:url\" content=\"https:\/\/mint-square.com\/es\/mint-insights\/proteccion-de-datos\/\" \/>\n<meta property=\"og:site_name\" content=\"MINT Square\" \/>\n<meta property=\"article:modified_time\" content=\"2026-03-06T13:43:19+00:00\" \/>\n<meta property=\"og:image\" content=\"https:\/\/mint-square.com\/wp-content\/uploads\/2023\/06\/cropped-mint-square-logo-icon.jpg\" \/>\n\t<meta property=\"og:image:width\" content=\"512\" \/>\n\t<meta property=\"og:image:height\" content=\"512\" \/>\n\t<meta property=\"og:image:type\" content=\"image\/jpeg\" \/>\n<meta name=\"twitter:card\" content=\"summary_large_image\" \/>\n<meta name=\"twitter:label1\" content=\"Tiempo de lectura\" \/>\n\t<meta name=\"twitter:data1\" content=\"8 minutos\" \/>\n<script type=\"application\/ld+json\" class=\"yoast-schema-graph\">{\"@context\":\"https:\/\/schema.org\",\"@graph\":[{\"@type\":\"WebPage\",\"@id\":\"https:\/\/mint-square.com\/es\/mint-insights\/proteccion-de-datos\/\",\"url\":\"https:\/\/mint-square.com\/es\/mint-insights\/proteccion-de-datos\/\",\"name\":\"Protecci\u00f3n de datos - MINT Square\",\"isPartOf\":{\"@id\":\"https:\/\/mint-square.com\/es\/#website\"},\"datePublished\":\"2024-03-19T11:17:07+00:00\",\"dateModified\":\"2026-03-06T13:43:19+00:00\",\"breadcrumb\":{\"@id\":\"https:\/\/mint-square.com\/es\/mint-insights\/proteccion-de-datos\/#breadcrumb\"},\"inLanguage\":\"es\",\"potentialAction\":[{\"@type\":\"ReadAction\",\"target\":[\"https:\/\/mint-square.com\/es\/mint-insights\/proteccion-de-datos\/\"]}]},{\"@type\":\"BreadcrumbList\",\"@id\":\"https:\/\/mint-square.com\/es\/mint-insights\/proteccion-de-datos\/#breadcrumb\",\"itemListElement\":[{\"@type\":\"ListItem\",\"position\":1,\"name\":\"Startseite\",\"item\":\"https:\/\/mint-square.com\/es\/\"},{\"@type\":\"ListItem\",\"position\":2,\"name\":\"MINT Insights\",\"item\":\"https:\/\/mint-square.com\/es\/mint-insights\/\"},{\"@type\":\"ListItem\",\"position\":3,\"name\":\"Protecci\u00f3n de datos\"}]},{\"@type\":\"WebSite\",\"@id\":\"https:\/\/mint-square.com\/es\/#website\",\"url\":\"https:\/\/mint-square.com\/es\/\",\"name\":\"MINT Square\",\"description\":\"Programmatic Advertising MINT-frisch\",\"potentialAction\":[{\"@type\":\"SearchAction\",\"target\":{\"@type\":\"EntryPoint\",\"urlTemplate\":\"https:\/\/mint-square.com\/es\/?s={search_term_string}\"},\"query-input\":{\"@type\":\"PropertyValueSpecification\",\"valueRequired\":true,\"valueName\":\"search_term_string\"}}],\"inLanguage\":\"es\"}]}<\/script>\n<!-- \/ Yoast SEO Premium plugin. -->","yoast_head_json":{"title":"Protecci\u00f3n de datos - MINT Square","robots":{"index":"index","follow":"follow","max-snippet":"max-snippet:-1","max-image-preview":"max-image-preview:large","max-video-preview":"max-video-preview:-1"},"canonical":"https:\/\/mint-square.com\/es\/mint-insights\/proteccion-de-datos\/","og_locale":"es_ES","og_type":"article","og_title":"Protecci\u00f3n de datos","og_description":"[vc_row row_height_percent=\u00bb50&#8243; override_padding=\u00bbyes\u00bb h_padding=\u00bb4&#8243; top_padding=\u00bb4&#8243; bottom_padding=\u00bb4&#8243; back_color=\u00bbcolor-gradient-petrol-blue\u00bb overlay_alpha=\u00bb0&#8243; gutter_size=\u00bb3&#8243; column_width_percent=\u00bb100&#8243; shift_y=\u00bb0&#8243; z_index=\u00bb0&#8243; top_divider=\u00bbgradient\u00bb uncode_shortcode_id=\u00bb144821&#8243; back_color_type=\u00bbuncode-palette\u00bb][vc_column column_width_percent=\u00bb100&#8243; position_vertical=\u00bbmiddle\u00bb gutter_size=\u00bb2&#8243; style=\u00bbdark\u00bb overlay_alpha=\u00bb50&#8243; [&hellip;]","og_url":"https:\/\/mint-square.com\/es\/mint-insights\/proteccion-de-datos\/","og_site_name":"MINT Square","article_modified_time":"2026-03-06T13:43:19+00:00","og_image":[{"width":512,"height":512,"url":"https:\/\/mint-square.com\/wp-content\/uploads\/2023\/06\/cropped-mint-square-logo-icon.jpg","type":"image\/jpeg"}],"twitter_card":"summary_large_image","twitter_misc":{"Tiempo de lectura":"8 minutos"},"schema":{"@context":"https:\/\/schema.org","@graph":[{"@type":"WebPage","@id":"https:\/\/mint-square.com\/es\/mint-insights\/proteccion-de-datos\/","url":"https:\/\/mint-square.com\/es\/mint-insights\/proteccion-de-datos\/","name":"Protecci\u00f3n de datos - MINT Square","isPartOf":{"@id":"https:\/\/mint-square.com\/es\/#website"},"datePublished":"2024-03-19T11:17:07+00:00","dateModified":"2026-03-06T13:43:19+00:00","breadcrumb":{"@id":"https:\/\/mint-square.com\/es\/mint-insights\/proteccion-de-datos\/#breadcrumb"},"inLanguage":"es","potentialAction":[{"@type":"ReadAction","target":["https:\/\/mint-square.com\/es\/mint-insights\/proteccion-de-datos\/"]}]},{"@type":"BreadcrumbList","@id":"https:\/\/mint-square.com\/es\/mint-insights\/proteccion-de-datos\/#breadcrumb","itemListElement":[{"@type":"ListItem","position":1,"name":"Startseite","item":"https:\/\/mint-square.com\/es\/"},{"@type":"ListItem","position":2,"name":"MINT Insights","item":"https:\/\/mint-square.com\/es\/mint-insights\/"},{"@type":"ListItem","position":3,"name":"Protecci\u00f3n de datos"}]},{"@type":"WebSite","@id":"https:\/\/mint-square.com\/es\/#website","url":"https:\/\/mint-square.com\/es\/","name":"MINT Square","description":"Programmatic Advertising MINT-frisch","potentialAction":[{"@type":"SearchAction","target":{"@type":"EntryPoint","urlTemplate":"https:\/\/mint-square.com\/es\/?s={search_term_string}"},"query-input":{"@type":"PropertyValueSpecification","valueRequired":true,"valueName":"search_term_string"}}],"inLanguage":"es"}]}},"_links":{"self":[{"href":"https:\/\/mint-square.com\/es\/wp-json\/wp\/v2\/pages\/123360","targetHints":{"allow":["GET"]}}],"collection":[{"href":"https:\/\/mint-square.com\/es\/wp-json\/wp\/v2\/pages"}],"about":[{"href":"https:\/\/mint-square.com\/es\/wp-json\/wp\/v2\/types\/page"}],"author":[{"embeddable":true,"href":"https:\/\/mint-square.com\/es\/wp-json\/wp\/v2\/users\/2"}],"replies":[{"embeddable":true,"href":"https:\/\/mint-square.com\/es\/wp-json\/wp\/v2\/comments?post=123360"}],"version-history":[{"count":6,"href":"https:\/\/mint-square.com\/es\/wp-json\/wp\/v2\/pages\/123360\/revisions"}],"predecessor-version":[{"id":147961,"href":"https:\/\/mint-square.com\/es\/wp-json\/wp\/v2\/pages\/123360\/revisions\/147961"}],"up":[{"embeddable":true,"href":"https:\/\/mint-square.com\/es\/wp-json\/wp\/v2\/pages\/120940"}],"wp:attachment":[{"href":"https:\/\/mint-square.com\/es\/wp-json\/wp\/v2\/media?parent=123360"}],"curies":[{"name":"wp","href":"https:\/\/api.w.org\/{rel}","templated":true}]}}