{"id":120985,"date":"2023-11-15T15:19:10","date_gmt":"2023-11-15T14:19:10","guid":{"rendered":"https:\/\/mint-square.com\/mint-insights\/impressum\/"},"modified":"2024-05-21T10:43:41","modified_gmt":"2024-05-21T08:43:41","slug":"aviso-legal","status":"publish","type":"page","link":"https:\/\/mint-square.com\/es\/mint-insights\/aviso-legal\/","title":{"rendered":"Aviso Legal"},"content":{"rendered":"<div class=\"wpb-content-wrapper\"><p>[vc_row row_height_percent=\u00bb50&#8243; override_padding=\u00bbyes\u00bb h_padding=\u00bb4&#8243; top_padding=\u00bb4&#8243; bottom_padding=\u00bb4&#8243; back_color=\u00bbcolor-gradient-petrol-blue\u00bb overlay_alpha=\u00bb37&#8243; gutter_size=\u00bb3&#8243; column_width_percent=\u00bb100&#8243; shift_y=\u00bb0&#8243; z_index=\u00bb0&#8243; top_divider=\u00bbgradient\u00bb uncode_shortcode_id=\u00bb838359&#8243; back_color_type=\u00bbuncode-palette\u00bb][vc_column column_width_percent=\u00bb100&#8243; position_vertical=\u00bbmiddle\u00bb gutter_size=\u00bb2&#8243; style=\u00bbdark\u00bb overlay_alpha=\u00bb50&#8243; shift_x=\u00bb0&#8243; shift_y=\u00bb0&#8243; shift_y_down=\u00bb0&#8243; z_index=\u00bb0&#8243; medium_width=\u00bb0&#8243; mobile_width=\u00bb0&#8243; width=\u00bb1\/1&#8243;][vc_custom_heading text_size=\u00bbfontsize-160206&#8243; text_weight=\u00bb500&#8243; css_animation=\u00bbzoom-in\u00bb uncode_shortcode_id=\u00bb141543&#8243;]Aviso Legal[\/vc_custom_heading][\/vc_column][\/vc_row][vc_row row_height_percent=\u00bb0&#8243; override_padding=\u00bbyes\u00bb h_padding=\u00bb2&#8243; top_padding=\u00bb3&#8243; bottom_padding=\u00bb3&#8243; overlay_alpha=\u00bb100&#8243; gutter_size=\u00bb3&#8243; column_width_percent=\u00bb100&#8243; shift_y=\u00bb0&#8243; z_index=\u00bb0&#8243; row_height_use_pixel=\u00bb\u00bb uncode_shortcode_id=\u00bb936965&#8243;][vc_column column_width_use_pixel=\u00bbyes\u00bb align_horizontal=\u00bbalign_center\u00bb gutter_size=\u00bb3&#8243; overlay_alpha=\u00bb50&#8243; shift_x=\u00bb0&#8243; shift_y=\u00bb0&#8243; shift_y_down=\u00bb0&#8243; z_index=\u00bb0&#8243; medium_width=\u00bb0&#8243; mobile_width=\u00bb0&#8243; zoom_width=\u00bb0&#8243; zoom_height=\u00bb0&#8243; column_width_pixel=\u00bb600&#8243; width=\u00bb1\/2&#8243;][vc_row_inner row_inner_height_percent=\u00bb0&#8243; overlay_alpha=\u00bb50&#8243; gutter_size=\u00bb3&#8243; shift_y=\u00bb0&#8243; row_height_use_pixel=\u00bb\u00bb][vc_column_inner column_width_percent=\u00bb100&#8243; position_horizontal=\u00bbleft\u00bb align_horizontal=\u00bbalign_center\u00bb gutter_size=\u00bb3&#8243; overlay_alpha=\u00bb50&#8243; shift_x=\u00bb0&#8243; shift_y=\u00bb0&#8243; medium_width=\u00bb0&#8243; zoom_width=\u00bb0&#8243; zoom_height=\u00bb0&#8243; width=\u00bb1\/1&#8243;][vc_custom_heading heading_semantic=\u00bbh3&#8243; text_size=\u00bbbigtext\u00bb text_uppercase=\u00bb\u00bb uncode_shortcode_id=\u00bb103992&#8243;]Aviso Legal[\/vc_custom_heading][\/vc_column_inner][\/vc_row_inner][vc_column_text text_lead=\u00bbyes\u00bb text_color=\u00bbcolor-black\u00bb uncode_shortcode_id=\u00bb664131&#8243; text_color_type=\u00bbuncode-palette\u00bb]<\/p>\n<p style=\"text-align: left;\">MINT Square GmbH<br \/>\nGraf-Adolf-Stra\u00dfe 69<br \/>\n40210 D\u00fcsseldorf<\/p>\n<p style=\"text-align: left;\">Tel: +49 211 514 437 10<\/p>\n<p style=\"text-align: left;\">office@mint-square.com<br \/>\nwww.mint-square.com<\/p>\n<p style=\"text-align: left;\">Socio Gerente<br \/>\nChristoph Berg<\/p>\n<p style=\"text-align: left;\">Registro Mercantil<br \/>\nJurisdicci\u00f3n: Tribunal de Distrito de D\u00fcsseldorf<br \/>\nRegistro Mercantil: HRB 77980<br \/>\nN\u00famero de Identificaci\u00f3n Fiscal: 106\/5718\/3270<br \/>\nN\u00famero de identificaci\u00f3n del impuesto sobre las ventas: DE306691895<\/p>\n<p>[\/vc_column_text][\/vc_column][vc_column width=\u00bb1\/2&#8243;][\/vc_column][\/vc_row][vc_row row_height_percent=\u00bb0&#8243; override_padding=\u00bbyes\u00bb h_padding=\u00bb2&#8243; top_padding=\u00bb3&#8243; bottom_padding=\u00bb3&#8243; overlay_alpha=\u00bb100&#8243; gutter_size=\u00bb3&#8243; column_width_percent=\u00bb100&#8243; shift_y=\u00bb0&#8243; z_index=\u00bb0&#8243; row_height_use_pixel=\u00bb\u00bb uncode_shortcode_id=\u00bb163163&#8243;][vc_column column_width_use_pixel=\u00bbyes\u00bb align_horizontal=\u00bbalign_center\u00bb gutter_size=\u00bb3&#8243; overlay_alpha=\u00bb50&#8243; shift_x=\u00bb0&#8243; shift_y=\u00bb0&#8243; shift_y_down=\u00bb0&#8243; z_index=\u00bb0&#8243; medium_width=\u00bb0&#8243; mobile_width=\u00bb0&#8243; zoom_width=\u00bb0&#8243; zoom_height=\u00bb0&#8243; column_width_pixel=\u00bb600&#8243; width=\u00bb1\/2&#8243;][vc_row_inner row_inner_height_percent=\u00bb0&#8243; overlay_alpha=\u00bb50&#8243; gutter_size=\u00bb3&#8243; shift_y=\u00bb0&#8243; row_height_use_pixel=\u00bb\u00bb][vc_column_inner column_width_percent=\u00bb100&#8243; position_horizontal=\u00bbleft\u00bb align_horizontal=\u00bbalign_center\u00bb gutter_size=\u00bb3&#8243; overlay_alpha=\u00bb50&#8243; shift_x=\u00bb0&#8243; shift_y=\u00bb0&#8243; medium_width=\u00bb0&#8243; zoom_width=\u00bb0&#8243; zoom_height=\u00bb0&#8243; width=\u00bb1\/1&#8243;][vc_custom_heading heading_semantic=\u00bbh3&#8243; text_size=\u00bbbigtext\u00bb text_uppercase=\u00bb\u00bb uncode_shortcode_id=\u00bb278195&#8243;]Cr\u00e9ditos de Im\u00e1genes[\/vc_custom_heading][\/vc_column_inner][\/vc_row_inner][vc_column_text text_lead=\u00bbyes\u00bb text_color=\u00bbcolor-black\u00bb uncode_shortcode_id=\u00bb456514&#8243; text_color_type=\u00bbuncode-palette\u00bb]<\/p>\n<p style=\"text-align: left;\">En esta p\u00e1gina se utilizan im\u00e1genes de la agencia de im\u00e1genes &#8216;Adobe Stock&#8217; (&#8216;www.stock.adobe.com&#8217;) y de socios tecnol\u00f3gicos.<\/p>\n<p style=\"text-align: left;\">ID de Stockphoto:<\/p>\n<ul>\n<li style=\"text-align: left;\">#658444060 @sdecoret<\/li>\n<li style=\"text-align: left;\">#225395390 @Mr.Music<\/li>\n<li style=\"text-align: left;\">#338901554 @photoopus<\/li>\n<li style=\"text-align: left;\">#289314706 @Chinnapong<\/li>\n<li style=\"text-align: left;\">#197884387 @M-Production<\/li>\n<li style=\"text-align: left;\">#294385332 @bestforbest<\/li>\n<li style=\"text-align: left;\">#293318613 @Production Perig<\/li>\n<li style=\"text-align: left;\">#410576840 @Kaspars Grinvalds<\/li>\n<li style=\"text-align: left;\">#102024098 @tashatuvango<\/li>\n<li style=\"text-align: left;\">#418728836 @wichayada<\/li>\n<li style=\"text-align: left;\">#303064754 @DenPhoto<\/li>\n<li style=\"text-align: left;\">#307905949 @Urupong<\/li>\n<li style=\"text-align: left;\">#315523258 @sitthiphong<\/li>\n<li style=\"text-align: left;\">#392623714 @Postmodern Studio<\/li>\n<li style=\"text-align: left;\">#261937345 @Robert Kneschke<\/li>\n<li style=\"text-align: left;\">#379435239 @Jacob Lund<\/li>\n<li style=\"text-align: left;\">#289923630 @mavoimages<\/li>\n<li style=\"text-align: left;\">#278694796 @deagreez<\/li>\n<li style=\"text-align: left;\">#187221118 @REDPIXEL<\/li>\n<li style=\"text-align: left;\">#200024314 @Natee Meepian<\/li>\n<li style=\"text-align: left;\">#243542732 @oatawa<\/li>\n<li style=\"text-align: left;\">#246849386 @J\u00e9rome Romm\u00e9<\/li>\n<li style=\"text-align: left;\">#273068760 @Lomb<\/li>\n<li style=\"text-align: left;\">#314829742 @denisismagilov<\/li>\n<li style=\"text-align: left;\">#339354889 @EyeEm<\/li>\n<li style=\"text-align: left;\">#364069437 @CYB3RUSS<\/li>\n<li style=\"text-align: left;\"># 198377401 @Mathias Richter<\/li>\n<li style=\"text-align: left;\">#300257078 @your123<\/li>\n<li style=\"text-align: left;\">#302073594 @alfa27<\/li>\n<li style=\"text-align: left;\">#101905720 @cacaroot<\/li>\n<li style=\"text-align: left;\">#300674089 @kittisak<\/li>\n<li style=\"text-align: left;\">#370396167 @Rymden<\/li>\n<li style=\"text-align: left;\">#274095365 @sutadimages<\/li>\n<li style=\"text-align: left;\">#350875099 @PureSolution<\/li>\n<\/ul>\n<p style=\"text-align: left;\">Kenny Beele: https:\/\/www.kenny-beele.de<\/p>\n<p>[\/vc_column_text][\/vc_column][vc_column width=\u00bb1\/2&#8243;][\/vc_column][\/vc_row]<\/p>\n<\/div>","protected":false},"excerpt":{"rendered":"<p>[vc_row row_height_percent=\u00bb50&#8243; override_padding=\u00bbyes\u00bb h_padding=\u00bb4&#8243; top_padding=\u00bb4&#8243; bottom_padding=\u00bb4&#8243; back_color=\u00bbcolor-gradient-petrol-blue\u00bb overlay_alpha=\u00bb37&#8243; gutter_size=\u00bb3&#8243; column_width_percent=\u00bb100&#8243; shift_y=\u00bb0&#8243; z_index=\u00bb0&#8243; top_divider=\u00bbgradient\u00bb uncode_shortcode_id=\u00bb838359&#8243; back_color_type=\u00bbuncode-palette\u00bb][vc_column column_width_percent=\u00bb100&#8243; position_vertical=\u00bbmiddle\u00bb gutter_size=\u00bb2&#8243; style=\u00bbdark\u00bb overlay_alpha=\u00bb50&#8243; [&hellip;]<\/p>\n","protected":false},"author":2,"featured_media":0,"parent":120940,"menu_order":0,"comment_status":"closed","ping_status":"closed","template":"","meta":{"footnotes":""},"class_list":["post-120985","page","type-page","status-publish","hentry","page_category-paginas-mint"],"yoast_head":"<!-- This site is optimized with the Yoast SEO Premium plugin v26.7 (Yoast SEO v26.7) - https:\/\/yoast.com\/wordpress\/plugins\/seo\/ -->\n<title>Aviso Legal - MINT Square<\/title>\n<meta name=\"robots\" content=\"index, follow, max-snippet:-1, max-image-preview:large, max-video-preview:-1\" \/>\n<link rel=\"canonical\" href=\"https:\/\/mint-square.com\/es\/mint-insights\/aviso-legal\/\" \/>\n<meta property=\"og:locale\" content=\"es_ES\" \/>\n<meta property=\"og:type\" content=\"article\" \/>\n<meta property=\"og:title\" content=\"Aviso Legal\" \/>\n<meta property=\"og:description\" content=\"[vc_row row_height_percent=\u00bb50&#8243; override_padding=\u00bbyes\u00bb h_padding=\u00bb4&#8243; top_padding=\u00bb4&#8243; bottom_padding=\u00bb4&#8243; back_color=\u00bbcolor-gradient-petrol-blue\u00bb overlay_alpha=\u00bb37&#8243; gutter_size=\u00bb3&#8243; column_width_percent=\u00bb100&#8243; shift_y=\u00bb0&#8243; z_index=\u00bb0&#8243; top_divider=\u00bbgradient\u00bb uncode_shortcode_id=\u00bb838359&#8243; back_color_type=\u00bbuncode-palette\u00bb][vc_column column_width_percent=\u00bb100&#8243; position_vertical=\u00bbmiddle\u00bb gutter_size=\u00bb2&#8243; style=\u00bbdark\u00bb overlay_alpha=\u00bb50&#8243; [&hellip;]\" \/>\n<meta property=\"og:url\" content=\"https:\/\/mint-square.com\/es\/mint-insights\/aviso-legal\/\" \/>\n<meta property=\"og:site_name\" content=\"MINT Square\" \/>\n<meta property=\"article:modified_time\" content=\"2024-05-21T08:43:41+00:00\" \/>\n<meta property=\"og:image\" content=\"https:\/\/mint-square.com\/wp-content\/uploads\/2023\/06\/cropped-mint-square-logo-icon.jpg\" \/>\n\t<meta property=\"og:image:width\" content=\"512\" \/>\n\t<meta property=\"og:image:height\" content=\"512\" \/>\n\t<meta property=\"og:image:type\" content=\"image\/jpeg\" \/>\n<meta name=\"twitter:card\" content=\"summary_large_image\" \/>\n<meta name=\"twitter:label1\" content=\"Tiempo de lectura\" \/>\n\t<meta name=\"twitter:data1\" content=\"2 minutos\" \/>\n<script type=\"application\/ld+json\" class=\"yoast-schema-graph\">{\"@context\":\"https:\/\/schema.org\",\"@graph\":[{\"@type\":\"WebPage\",\"@id\":\"https:\/\/mint-square.com\/es\/mint-insights\/aviso-legal\/\",\"url\":\"https:\/\/mint-square.com\/es\/mint-insights\/aviso-legal\/\",\"name\":\"Aviso Legal - MINT Square\",\"isPartOf\":{\"@id\":\"https:\/\/mint-square.com\/es\/#website\"},\"datePublished\":\"2023-11-15T14:19:10+00:00\",\"dateModified\":\"2024-05-21T08:43:41+00:00\",\"breadcrumb\":{\"@id\":\"https:\/\/mint-square.com\/es\/mint-insights\/aviso-legal\/#breadcrumb\"},\"inLanguage\":\"es\",\"potentialAction\":[{\"@type\":\"ReadAction\",\"target\":[\"https:\/\/mint-square.com\/es\/mint-insights\/aviso-legal\/\"]}]},{\"@type\":\"BreadcrumbList\",\"@id\":\"https:\/\/mint-square.com\/es\/mint-insights\/aviso-legal\/#breadcrumb\",\"itemListElement\":[{\"@type\":\"ListItem\",\"position\":1,\"name\":\"Startseite\",\"item\":\"https:\/\/mint-square.com\/es\/\"},{\"@type\":\"ListItem\",\"position\":2,\"name\":\"MINT Insights\",\"item\":\"https:\/\/mint-square.com\/es\/mint-insights\/\"},{\"@type\":\"ListItem\",\"position\":3,\"name\":\"Aviso Legal\"}]},{\"@type\":\"WebSite\",\"@id\":\"https:\/\/mint-square.com\/es\/#website\",\"url\":\"https:\/\/mint-square.com\/es\/\",\"name\":\"MINT Square\",\"description\":\"Programmatic Advertising MINT-frisch\",\"potentialAction\":[{\"@type\":\"SearchAction\",\"target\":{\"@type\":\"EntryPoint\",\"urlTemplate\":\"https:\/\/mint-square.com\/es\/?s={search_term_string}\"},\"query-input\":{\"@type\":\"PropertyValueSpecification\",\"valueRequired\":true,\"valueName\":\"search_term_string\"}}],\"inLanguage\":\"es\"}]}<\/script>\n<!-- \/ Yoast SEO Premium plugin. -->","yoast_head_json":{"title":"Aviso Legal - MINT Square","robots":{"index":"index","follow":"follow","max-snippet":"max-snippet:-1","max-image-preview":"max-image-preview:large","max-video-preview":"max-video-preview:-1"},"canonical":"https:\/\/mint-square.com\/es\/mint-insights\/aviso-legal\/","og_locale":"es_ES","og_type":"article","og_title":"Aviso Legal","og_description":"[vc_row row_height_percent=\u00bb50&#8243; override_padding=\u00bbyes\u00bb h_padding=\u00bb4&#8243; top_padding=\u00bb4&#8243; bottom_padding=\u00bb4&#8243; back_color=\u00bbcolor-gradient-petrol-blue\u00bb overlay_alpha=\u00bb37&#8243; gutter_size=\u00bb3&#8243; column_width_percent=\u00bb100&#8243; shift_y=\u00bb0&#8243; z_index=\u00bb0&#8243; top_divider=\u00bbgradient\u00bb uncode_shortcode_id=\u00bb838359&#8243; back_color_type=\u00bbuncode-palette\u00bb][vc_column column_width_percent=\u00bb100&#8243; position_vertical=\u00bbmiddle\u00bb gutter_size=\u00bb2&#8243; style=\u00bbdark\u00bb overlay_alpha=\u00bb50&#8243; [&hellip;]","og_url":"https:\/\/mint-square.com\/es\/mint-insights\/aviso-legal\/","og_site_name":"MINT Square","article_modified_time":"2024-05-21T08:43:41+00:00","og_image":[{"width":512,"height":512,"url":"https:\/\/mint-square.com\/wp-content\/uploads\/2023\/06\/cropped-mint-square-logo-icon.jpg","type":"image\/jpeg"}],"twitter_card":"summary_large_image","twitter_misc":{"Tiempo de lectura":"2 minutos"},"schema":{"@context":"https:\/\/schema.org","@graph":[{"@type":"WebPage","@id":"https:\/\/mint-square.com\/es\/mint-insights\/aviso-legal\/","url":"https:\/\/mint-square.com\/es\/mint-insights\/aviso-legal\/","name":"Aviso Legal - MINT Square","isPartOf":{"@id":"https:\/\/mint-square.com\/es\/#website"},"datePublished":"2023-11-15T14:19:10+00:00","dateModified":"2024-05-21T08:43:41+00:00","breadcrumb":{"@id":"https:\/\/mint-square.com\/es\/mint-insights\/aviso-legal\/#breadcrumb"},"inLanguage":"es","potentialAction":[{"@type":"ReadAction","target":["https:\/\/mint-square.com\/es\/mint-insights\/aviso-legal\/"]}]},{"@type":"BreadcrumbList","@id":"https:\/\/mint-square.com\/es\/mint-insights\/aviso-legal\/#breadcrumb","itemListElement":[{"@type":"ListItem","position":1,"name":"Startseite","item":"https:\/\/mint-square.com\/es\/"},{"@type":"ListItem","position":2,"name":"MINT Insights","item":"https:\/\/mint-square.com\/es\/mint-insights\/"},{"@type":"ListItem","position":3,"name":"Aviso Legal"}]},{"@type":"WebSite","@id":"https:\/\/mint-square.com\/es\/#website","url":"https:\/\/mint-square.com\/es\/","name":"MINT Square","description":"Programmatic Advertising MINT-frisch","potentialAction":[{"@type":"SearchAction","target":{"@type":"EntryPoint","urlTemplate":"https:\/\/mint-square.com\/es\/?s={search_term_string}"},"query-input":{"@type":"PropertyValueSpecification","valueRequired":true,"valueName":"search_term_string"}}],"inLanguage":"es"}]}},"_links":{"self":[{"href":"https:\/\/mint-square.com\/es\/wp-json\/wp\/v2\/pages\/120985","targetHints":{"allow":["GET"]}}],"collection":[{"href":"https:\/\/mint-square.com\/es\/wp-json\/wp\/v2\/pages"}],"about":[{"href":"https:\/\/mint-square.com\/es\/wp-json\/wp\/v2\/types\/page"}],"author":[{"embeddable":true,"href":"https:\/\/mint-square.com\/es\/wp-json\/wp\/v2\/users\/2"}],"replies":[{"embeddable":true,"href":"https:\/\/mint-square.com\/es\/wp-json\/wp\/v2\/comments?post=120985"}],"version-history":[{"count":5,"href":"https:\/\/mint-square.com\/es\/wp-json\/wp\/v2\/pages\/120985\/revisions"}],"predecessor-version":[{"id":123844,"href":"https:\/\/mint-square.com\/es\/wp-json\/wp\/v2\/pages\/120985\/revisions\/123844"}],"up":[{"embeddable":true,"href":"https:\/\/mint-square.com\/es\/wp-json\/wp\/v2\/pages\/120940"}],"wp:attachment":[{"href":"https:\/\/mint-square.com\/es\/wp-json\/wp\/v2\/media?parent=120985"}],"curies":[{"name":"wp","href":"https:\/\/api.w.org\/{rel}","templated":true}]}}