{"id":120961,"date":"2023-11-13T12:37:49","date_gmt":"2023-11-13T11:37:49","guid":{"rendered":"https:\/\/mint-square.com\/servicios-creativos\/"},"modified":"2024-07-04T11:10:24","modified_gmt":"2024-07-04T09:10:24","slug":"servicios-creativos","status":"publish","type":"page","link":"https:\/\/mint-square.com\/es\/servicios\/servicios-creativos\/","title":{"rendered":"Servicios Creativos"},"content":{"rendered":"<div class=\"wpb-content-wrapper\"><p>[vc_row unlock_row_content=\u00bbyes\u00bb row_height_percent=\u00bb100&#8243; override_padding=\u00bbyes\u00bb h_padding=\u00bb6&#8243; top_padding=\u00bb0&#8243; bottom_padding=\u00bb0&#8243; back_image=\u00bb120475&#8243; back_position=\u00bbcenter center\u00bb parallax=\u00bbyes\u00bb kburns=\u00bbyes\u00bb overlay_color=\u00bbcolor-white\u00bb overlay_alpha=\u00bb0&#8243; gutter_size=\u00bb3&#8243; column_width_percent=\u00bb100&#8243; shift_y=\u00bb0&#8243; z_index=\u00bb0&#8243; uncode_shortcode_id=\u00bb213581&#8243; overlay_color_type=\u00bbuncode-palette\u00bb][vc_column column_width_percent=\u00bb50&#8243; position_vertical=\u00bbmiddle\u00bb align_horizontal=\u00bbalign_center\u00bb gutter_size=\u00bb0&#8243; style=\u00bbdark\u00bb overlay_alpha=\u00bb50&#8243; shift_x=\u00bb0&#8243; shift_y=\u00bb0&#8243; shift_y_down=\u00bb0&#8243; z_index=\u00bb0&#8243; medium_width=\u00bb0&#8243; mobile_width=\u00bb0&#8243; width=\u00bb1\/1&#8243; uncode_shortcode_id=\u00bb260346&#8243;][vc_custom_heading text_color=\u00bbcolor-white\u00bb heading_semantic=\u00bbh3&#8243; text_size=\u00bbh3&#8243; text_weight=\u00bb500&#8243; uncode_shortcode_id=\u00bb177296&#8243; text_color_type=\u00bbuncode-palette\u00bb el_class=\u00bbtext-creation-meets-programmatic\u00bb]Creaci\u00f3n se encuentra con Program\u00e1tica[\/vc_custom_heading][vc_custom_heading text_color=\u00bbcolor-white\u00bb heading_semantic=\u00bbh1&#8243; text_size=\u00bbfontsize-445851&#8243; text_weight=\u00bb700&#8243; text_transform=\u00bbuppercase\u00bb text_height=\u00bbfontheight-179065&#8243; uncode_shortcode_id=\u00bb440956&#8243; text_color_type=\u00bbuncode-palette\u00bb el_class=\u00bbtext-kreative-leistungen\u00bb]Servicios <span style=\"color: #4fb79d;\">Creativos<\/span>[\/vc_custom_heading][vc_column_text text_lead=\u00bbyes\u00bb text_color=\u00bbcolor-anthrazite\u00bb uncode_shortcode_id=\u00bb853993&#8243; text_color_type=\u00bbuncode-palette\u00bb css=\u00bb.vc_custom_1685544002130{margin-top: 2em !important;margin-bottom: 3em !important;}\u00bb el_class=\u00bbunsichtbares-content-element\u00bb]Con Rich Media, llegar\u00e1s a tu audiencia con mensajes publicitarios individuales basados en datos.[\/vc_column_text][vc_icon icon=\u00bbfa fa-arrow-down4&#8243; icon_color=\u00bbcolor-mint-green\u00bb background_style=\u00bbfa-rounded\u00bb size=\u00bbfa-2x\u00bb css_animation=\u00bbbottom-t-top\u00bb animation_speed=\u00bb1000&#8243; animation_delay=\u00bb400&#8243; link=\u00bburl:%23display-section\u00bb uncode_shortcode_id=\u00bb120387&#8243; icon_color_type=\u00bbuncode-palette\u00bb][\/vc_icon][\/vc_column][\/vc_row][vc_row unlock_row_content=\u00bbyes\u00bb row_height_percent=\u00bb100&#8243; override_padding=\u00bbyes\u00bb h_padding=\u00bb6&#8243; top_padding=\u00bb0&#8243; bottom_padding=\u00bb0&#8243; back_image=\u00bb108595&#8243; back_position=\u00bbcenter center\u00bb parallax=\u00bbyes\u00bb kburns=\u00bbmagnetic\u00bb overlay_color=\u00bbcolor-black\u00bb overlay_alpha=\u00bb70&#8243; gutter_size=\u00bb3&#8243; column_width_percent=\u00bb100&#8243; shift_y=\u00bb0&#8243; z_index=\u00bb0&#8243; uncode_shortcode_id=\u00bb108773&#8243; overlay_color_type=\u00bbuncode-palette\u00bb row_name=\u00bbdisplay-section\u00bb][vc_column column_width_percent=\u00bb60&#8243; position_vertical=\u00bbmiddle\u00bb align_horizontal=\u00bbalign_center\u00bb gutter_size=\u00bb0&#8243; override_padding=\u00bbyes\u00bb column_padding=\u00bb0&#8243; style=\u00bbdark\u00bb overlay_alpha=\u00bb50&#8243; shift_x=\u00bb0&#8243; shift_y=\u00bb0&#8243; shift_y_down=\u00bb0&#8243; z_index=\u00bb0&#8243; medium_width=\u00bb0&#8243; mobile_width=\u00bb0&#8243; width=\u00bb1\/1&#8243; uncode_shortcode_id=\u00bb176307&#8243;][vc_custom_heading text_color=\u00bbcolor-white\u00bb heading_semantic=\u00bbh6&#8243; text_size=\u00bbh6&#8243; text_weight=\u00bb400&#8243; text_transform=\u00bbuppercase\u00bb uncode_shortcode_id=\u00bb894790&#8243; text_color_type=\u00bbuncode-palette\u00bb]<\/p>\n<div style=\"text-align: center;\">Banner | Video<\/div>\n<p>[\/vc_custom_heading][vc_custom_heading text_color=\u00bbcolor-white\u00bb text_size=\u00bbfontsize-445851&#8243; text_weight=\u00bb700&#8243; text_transform=\u00bbuppercase\u00bb uncode_shortcode_id=\u00bb141226&#8243; text_color_type=\u00bbuncode-palette\u00bb]<\/p>\n<div style=\"text-align: center;\">Display<\/div>\n<p>[\/vc_custom_heading][vc_custom_heading text_color=\u00bbcolor-white\u00bb text_weight=\u00bb400&#8243; uncode_shortcode_id=\u00bb345415&#8243; text_color_type=\u00bbuncode-palette\u00bb]<\/p>\n<div style=\"text-align: center;\">Ya sea para campa\u00f1as de branding o de rendimiento. \u00a1Los banners y videos de MINT har\u00e1n que tu campa\u00f1a sea un \u00e9xito!<\/div>\n<p>[\/vc_custom_heading][vc_button button_color=\u00bbcolor-white\u00bb size=\u00bbbtn-lg\u00bb hover_fx=\u00bboutlined\u00bb outline=\u00bbyes\u00bb border_width=\u00bb0&#8243; button_color_type=\u00bbuncode-palette\u00bb uncode_shortcode_id=\u00bb109896&#8243; el_id=\u00bbmove-forward-button\u00bb link=\u00bburl:https%3A%2F%2Fmint-square.com%2Fes%2Fservicios-creativos%2Fdisplay-banner-video%2F|title:Display%20(Banner%20%26%20Video)\u00bb]Descubre m\u00e1s[\/vc_button][\/vc_column][\/vc_row][vc_row unlock_row_content=\u00bbyes\u00bb row_height_percent=\u00bb100&#8243; override_padding=\u00bbyes\u00bb h_padding=\u00bb6&#8243; top_padding=\u00bb0&#8243; bottom_padding=\u00bb0&#8243; back_image=\u00bb105067&#8243; back_position=\u00bbcenter center\u00bb parallax=\u00bbyes\u00bb kburns=\u00bbmagnetic\u00bb overlay_color=\u00bbcolor-black\u00bb overlay_alpha=\u00bb70&#8243; gutter_size=\u00bb3&#8243; column_width_percent=\u00bb100&#8243; shift_y=\u00bb0&#8243; z_index=\u00bb0&#8243; uncode_shortcode_id=\u00bb766818&#8243; overlay_color_type=\u00bbuncode-palette\u00bb row_name=\u00bbsocial-media-section\u00bb][vc_column column_width_percent=\u00bb60&#8243; position_vertical=\u00bbmiddle\u00bb align_horizontal=\u00bbalign_center\u00bb gutter_size=\u00bb0&#8243; override_padding=\u00bbyes\u00bb column_padding=\u00bb0&#8243; style=\u00bbdark\u00bb overlay_alpha=\u00bb50&#8243; shift_x=\u00bb0&#8243; shift_y=\u00bb0&#8243; shift_y_down=\u00bb0&#8243; z_index=\u00bb0&#8243; medium_width=\u00bb0&#8243; mobile_width=\u00bb0&#8243; width=\u00bb1\/1&#8243; uncode_shortcode_id=\u00bb176307&#8243;][vc_custom_heading text_color=\u00bbcolor-white\u00bb heading_semantic=\u00bbh6&#8243; text_size=\u00bbh6&#8243; text_weight=\u00bb400&#8243; text_transform=\u00bbuppercase\u00bb uncode_shortcode_id=\u00bb905038&#8243; text_color_type=\u00bbuncode-palette\u00bb]<\/p>\n<div style=\"text-align: center;\">Meta, LinkedIn &amp; Co.<\/div>\n<p>[\/vc_custom_heading][vc_custom_heading text_color=\u00bbcolor-white\u00bb text_size=\u00bbfontsize-445851&#8243; text_weight=\u00bb700&#8243; text_transform=\u00bbuppercase\u00bb uncode_shortcode_id=\u00bb181683&#8243; text_color_type=\u00bbuncode-palette\u00bb]<\/p>\n<div style=\"text-align: center;\">Redes Sociales<\/div>\n<p>[\/vc_custom_heading][vc_custom_heading text_color=\u00bbcolor-white\u00bb text_weight=\u00bb400&#8243; uncode_shortcode_id=\u00bb116131&#8243; text_color_type=\u00bbuncode-palette\u00bb]<\/p>\n<div style=\"text-align: center;\">Perm\u00edtenos asesorarte sobre las diversas formas en que se pueden crear y utilizar anuncios en redes sociales.<\/div>\n<p>[\/vc_custom_heading][vc_button button_color=\u00bbcolor-white\u00bb size=\u00bbbtn-lg\u00bb hover_fx=\u00bboutlined\u00bb outline=\u00bbyes\u00bb border_width=\u00bb0&#8243; button_color_type=\u00bbuncode-palette\u00bb uncode_shortcode_id=\u00bb645192&#8243; el_id=\u00bbmove-forward-button\u00bb link=\u00bburl:https%3A%2F%2Fmint-square.com%2Fes%2Fservicios-creativos%2Fanuncios-en-redes-sociales%2F|title:Anuncios%20en%20Redes%20Sociales\u00bb]Descubre m\u00e1s[\/vc_button][\/vc_column][\/vc_row][vc_row unlock_row_content=\u00bbyes\u00bb row_height_percent=\u00bb100&#8243; override_padding=\u00bbyes\u00bb h_padding=\u00bb6&#8243; top_padding=\u00bb0&#8243; bottom_padding=\u00bb0&#8243; back_image=\u00bb108617&#8243; back_position=\u00bbcenter center\u00bb parallax=\u00bbyes\u00bb kburns=\u00bbmagnetic\u00bb overlay_color=\u00bbcolor-black\u00bb overlay_alpha=\u00bb70&#8243; gutter_size=\u00bb3&#8243; column_width_percent=\u00bb100&#8243; shift_y=\u00bb0&#8243; z_index=\u00bb0&#8243; uncode_shortcode_id=\u00bb482239&#8243; overlay_color_type=\u00bbuncode-palette\u00bb row_name=\u00bbnative-section\u00bb][vc_column column_width_percent=\u00bb60&#8243; position_vertical=\u00bbmiddle\u00bb align_horizontal=\u00bbalign_center\u00bb gutter_size=\u00bb0&#8243; override_padding=\u00bbyes\u00bb column_padding=\u00bb0&#8243; style=\u00bbdark\u00bb overlay_alpha=\u00bb50&#8243; shift_x=\u00bb0&#8243; shift_y=\u00bb0&#8243; shift_y_down=\u00bb0&#8243; z_index=\u00bb0&#8243; medium_width=\u00bb0&#8243; mobile_width=\u00bb0&#8243; width=\u00bb1\/1&#8243; uncode_shortcode_id=\u00bb176307&#8243;][vc_custom_heading text_color=\u00bbcolor-white\u00bb heading_semantic=\u00bbh6&#8243; text_size=\u00bbh6&#8243; text_weight=\u00bb400&#8243; text_transform=\u00bbuppercase\u00bb uncode_shortcode_id=\u00bb165848&#8243; text_color_type=\u00bbuncode-palette\u00bb]<\/p>\n<div style=\"text-align: center;\">Publicidad con t\u00e1ctica de guerrilla<\/div>\n<p>[\/vc_custom_heading][vc_custom_heading text_color=\u00bbcolor-white\u00bb text_size=\u00bbfontsize-445851&#8243; text_weight=\u00bb700&#8243; text_transform=\u00bbuppercase\u00bb uncode_shortcode_id=\u00bb179954&#8243; text_color_type=\u00bbuncode-palette\u00bb]<\/p>\n<div style=\"text-align: center;\">Publicidad Nativa<\/div>\n<p>[\/vc_custom_heading][vc_custom_heading text_color=\u00bbcolor-white\u00bb text_weight=\u00bb400&#8243; uncode_shortcode_id=\u00bb303206&#8243; text_color_type=\u00bbuncode-palette\u00bb]<\/p>\n<div style=\"text-align: center;\">Los anuncios nativos son el tipo de publicidad que no deber\u00eda percibirse como publicidad. \u00bfC\u00f3mo destacan a pesar de eso? Estaremos encantados de asesorarte al respecto.<\/div>\n<p>[\/vc_custom_heading][vc_button button_color=\u00bbcolor-white\u00bb size=\u00bbbtn-lg\u00bb hover_fx=\u00bboutlined\u00bb outline=\u00bbyes\u00bb border_width=\u00bb0&#8243; button_color_type=\u00bbuncode-palette\u00bb uncode_shortcode_id=\u00bb533842&#8243; el_id=\u00bbmove-forward-button\u00bb link=\u00bburl:https%3A%2F%2Fmint-square.com%2Fes%2Fservicios-creativos%2Fpublicidad-nativa%2F|title:Publicidad%20Nativa\u00bb]Descubre m\u00e1s[\/vc_button][\/vc_column][\/vc_row][vc_row unlock_row_content=\u00bbyes\u00bb row_height_percent=\u00bb100&#8243; override_padding=\u00bbyes\u00bb h_padding=\u00bb6&#8243; top_padding=\u00bb0&#8243; bottom_padding=\u00bb0&#8243; back_image=\u00bb120463&#8243; back_position=\u00bbcenter center\u00bb parallax=\u00bbyes\u00bb kburns=\u00bbmagnetic\u00bb overlay_color=\u00bbcolor-black\u00bb overlay_alpha=\u00bb70&#8243; gutter_size=\u00bb3&#8243; column_width_percent=\u00bb100&#8243; shift_y=\u00bb0&#8243; z_index=\u00bb0&#8243; uncode_shortcode_id=\u00bb205499&#8243; overlay_color_type=\u00bbuncode-palette\u00bb row_name=\u00bbdco-section\u00bb][vc_column column_width_percent=\u00bb60&#8243; position_vertical=\u00bbmiddle\u00bb align_horizontal=\u00bbalign_center\u00bb gutter_size=\u00bb0&#8243; override_padding=\u00bbyes\u00bb column_padding=\u00bb0&#8243; style=\u00bbdark\u00bb overlay_alpha=\u00bb50&#8243; shift_x=\u00bb0&#8243; shift_y=\u00bb0&#8243; shift_y_down=\u00bb0&#8243; z_index=\u00bb0&#8243; medium_width=\u00bb0&#8243; mobile_width=\u00bb0&#8243; width=\u00bb1\/1&#8243; uncode_shortcode_id=\u00bb176307&#8243;][vc_custom_heading text_color=\u00bbcolor-white\u00bb heading_semantic=\u00bbh6&#8243; text_size=\u00bbh6&#8243; text_weight=\u00bb400&#8243; text_transform=\u00bbuppercase\u00bb uncode_shortcode_id=\u00bb161637&#8243; text_color_type=\u00bbuncode-palette\u00bb]<\/p>\n<div style=\"text-align: center;\">Optimizaci\u00f3n Din\u00e1mica de material Creativo<\/div>\n<p>[\/vc_custom_heading][vc_custom_heading text_color=\u00bbcolor-white\u00bb text_size=\u00bbfontsize-445851&#8243; text_weight=\u00bb700&#8243; text_transform=\u00bbuppercase\u00bb uncode_shortcode_id=\u00bb164974&#8243; text_color_type=\u00bbuncode-palette\u00bb]<\/p>\n<div style=\"text-align: center;\">DCO<\/div>\n<p>[\/vc_custom_heading][vc_custom_heading text_color=\u00bbcolor-white\u00bb text_weight=\u00bb400&#8243; uncode_shortcode_id=\u00bb221148&#8243; text_color_type=\u00bbuncode-palette\u00bb]<\/p>\n<div style=\"text-align: center;\">\u00a1DCO es un mundo lleno de posibilidades! Ponte en contacto con nosotros para descubrir c\u00f3mo personalizar de la mejor manera tus materiales publicitarios a trav\u00e9s de diferentes canales.<\/div>\n<p>[\/vc_custom_heading][vc_button button_color=\u00bbcolor-white\u00bb size=\u00bbbtn-lg\u00bb hover_fx=\u00bboutlined\u00bb outline=\u00bbyes\u00bb border_width=\u00bb0&#8243; button_color_type=\u00bbuncode-palette\u00bb uncode_shortcode_id=\u00bb331945&#8243; el_id=\u00bbmove-forward-button\u00bb link=\u00bburl:https%3A%2F%2Fmint-square.com%2Fes%2Fservicios-creativos%2Foptimizacion-dinamica-de-material-creativo-dco%2F|title:Optimizacion%20dinamica%20de%20material%20Creativo%20DCO\u00bb]Descubre m\u00e1s[\/vc_button][\/vc_column][\/vc_row][vc_row unlock_row_content=\u00bbyes\u00bb row_height_percent=\u00bb100&#8243; override_padding=\u00bbyes\u00bb h_padding=\u00bb6&#8243; top_padding=\u00bb0&#8243; bottom_padding=\u00bb0&#8243; back_image=\u00bb123890&#8243; back_position=\u00bbcenter center\u00bb parallax=\u00bbyes\u00bb kburns=\u00bbmagnetic\u00bb overlay_color=\u00bbcolor-black\u00bb overlay_alpha=\u00bb70&#8243; gutter_size=\u00bb3&#8243; column_width_percent=\u00bb100&#8243; shift_y=\u00bb0&#8243; z_index=\u00bb0&#8243; uncode_shortcode_id=\u00bb176094&#8243; overlay_color_type=\u00bbuncode-palette\u00bb row_name=\u00bbdco-section\u00bb shape_dividers=\u00bb\u00bb][vc_column column_width_percent=\u00bb60&#8243; position_vertical=\u00bbmiddle\u00bb align_horizontal=\u00bbalign_center\u00bb gutter_size=\u00bb0&#8243; override_padding=\u00bbyes\u00bb column_padding=\u00bb0&#8243; style=\u00bbdark\u00bb overlay_alpha=\u00bb50&#8243; shift_x=\u00bb0&#8243; shift_y=\u00bb0&#8243; shift_y_down=\u00bb0&#8243; z_index=\u00bb0&#8243; medium_width=\u00bb0&#8243; mobile_width=\u00bb0&#8243; width=\u00bb1\/1&#8243; uncode_shortcode_id=\u00bb176307&#8243;][vc_custom_heading text_color=\u00bbcolor-white\u00bb heading_semantic=\u00bbh6&#8243; text_size=\u00bbh6&#8243; text_weight=\u00bb400&#8243; text_transform=\u00bbuppercase\u00bb uncode_shortcode_id=\u00bb203311&#8243; text_color_type=\u00bbuncode-palette\u00bb]Digital out of Home[\/vc_custom_heading][vc_custom_heading text_color=\u00bbcolor-white\u00bb text_size=\u00bbfontsize-445851&#8243; text_weight=\u00bb700&#8243; text_transform=\u00bbuppercase\u00bb uncode_shortcode_id=\u00bb189794&#8243; text_color_type=\u00bbuncode-palette\u00bb]DOOH[\/vc_custom_heading][vc_custom_heading text_color=\u00bbcolor-white\u00bb text_weight=\u00bb400&#8243; uncode_shortcode_id=\u00bb161057&#8243; text_color_type=\u00bbuncode-palette\u00bb]Llega a tu p\u00fablico objetivo en cualquier lugar y en cualquier momento con nuestra publicidad digital exterior. Aumenta la visibilidad de tu marca y genera m\u00e1s atenci\u00f3n para tu empresa. Aprovecha ahora las ventajas de la publicidad exterior digital para lograr tus objetivos.[\/vc_custom_heading][vc_button button_color=\u00bbcolor-white\u00bb size=\u00bbbtn-lg\u00bb hover_fx=\u00bboutlined\u00bb outline=\u00bbyes\u00bb border_width=\u00bb0&#8243; button_color_type=\u00bbuncode-palette\u00bb uncode_shortcode_id=\u00bb331945&#8243; el_id=\u00bbmove-forward-button\u00bb link=\u00bburl:https%3A%2F%2Fmint-square.com%2Fes%2Fservicios-creativos%2Foptimizacion-dinamica-de-material-creativo-dco%2F|title:Optimizacion%20dinamica%20de%20material%20Creativo%20DCO\u00bb]Descubre m\u00e1s[\/vc_button][\/vc_column][\/vc_row]<\/p>\n<\/div>","protected":false},"excerpt":{"rendered":"<p>[vc_row unlock_row_content=\u00bbyes\u00bb row_height_percent=\u00bb100&#8243; override_padding=\u00bbyes\u00bb h_padding=\u00bb6&#8243; top_padding=\u00bb0&#8243; bottom_padding=\u00bb0&#8243; back_image=\u00bb120475&#8243; back_position=\u00bbcenter center\u00bb parallax=\u00bbyes\u00bb kburns=\u00bbyes\u00bb overlay_color=\u00bbcolor-white\u00bb overlay_alpha=\u00bb0&#8243; gutter_size=\u00bb3&#8243; column_width_percent=\u00bb100&#8243; shift_y=\u00bb0&#8243; z_index=\u00bb0&#8243; uncode_shortcode_id=\u00bb213581&#8243; overlay_color_type=\u00bbuncode-palette\u00bb][vc_column [&hellip;]<\/p>\n","protected":false},"author":2,"featured_media":0,"parent":145927,"menu_order":0,"comment_status":"closed","ping_status":"closed","template":"","meta":{"footnotes":""},"class_list":["post-120961","page","type-page","status-publish","hentry","page_category-paginas-mint","page_category-servicios-creativos"],"yoast_head":"<!-- This site is optimized with the Yoast SEO Premium plugin v26.7 (Yoast SEO v26.7) - https:\/\/yoast.com\/wordpress\/plugins\/seo\/ -->\n<title>Servicios Creativos - MINT Square<\/title>\n<meta name=\"robots\" content=\"index, follow, max-snippet:-1, max-image-preview:large, max-video-preview:-1\" \/>\n<link rel=\"canonical\" href=\"https:\/\/mint-square.com\/es\/servicios\/servicios-creativos\/\" \/>\n<meta property=\"og:locale\" content=\"es_ES\" \/>\n<meta property=\"og:type\" content=\"article\" \/>\n<meta property=\"og:title\" content=\"Servicios Creativos\" \/>\n<meta property=\"og:description\" content=\"[vc_row unlock_row_content=\u00bbyes\u00bb row_height_percent=\u00bb100&#8243; override_padding=\u00bbyes\u00bb h_padding=\u00bb6&#8243; top_padding=\u00bb0&#8243; bottom_padding=\u00bb0&#8243; back_image=\u00bb120475&#8243; back_position=\u00bbcenter center\u00bb parallax=\u00bbyes\u00bb kburns=\u00bbyes\u00bb overlay_color=\u00bbcolor-white\u00bb overlay_alpha=\u00bb0&#8243; gutter_size=\u00bb3&#8243; column_width_percent=\u00bb100&#8243; shift_y=\u00bb0&#8243; z_index=\u00bb0&#8243; uncode_shortcode_id=\u00bb213581&#8243; overlay_color_type=\u00bbuncode-palette\u00bb][vc_column [&hellip;]\" \/>\n<meta property=\"og:url\" content=\"https:\/\/mint-square.com\/es\/servicios\/servicios-creativos\/\" \/>\n<meta property=\"og:site_name\" content=\"MINT Square\" \/>\n<meta property=\"article:modified_time\" content=\"2024-07-04T09:10:24+00:00\" \/>\n<meta property=\"og:image\" content=\"https:\/\/mint-square.com\/wp-content\/uploads\/2023\/06\/cropped-mint-square-logo-icon.jpg\" \/>\n\t<meta property=\"og:image:width\" content=\"512\" \/>\n\t<meta property=\"og:image:height\" content=\"512\" \/>\n\t<meta property=\"og:image:type\" content=\"image\/jpeg\" \/>\n<meta name=\"twitter:card\" content=\"summary_large_image\" \/>\n<meta name=\"twitter:label1\" content=\"Tiempo de lectura\" \/>\n\t<meta name=\"twitter:data1\" content=\"4 minutos\" \/>\n<script type=\"application\/ld+json\" class=\"yoast-schema-graph\">{\"@context\":\"https:\/\/schema.org\",\"@graph\":[{\"@type\":\"WebPage\",\"@id\":\"https:\/\/mint-square.com\/es\/servicios\/servicios-creativos\/\",\"url\":\"https:\/\/mint-square.com\/es\/servicios\/servicios-creativos\/\",\"name\":\"Servicios Creativos - MINT Square\",\"isPartOf\":{\"@id\":\"https:\/\/mint-square.com\/es\/#website\"},\"datePublished\":\"2023-11-13T11:37:49+00:00\",\"dateModified\":\"2024-07-04T09:10:24+00:00\",\"breadcrumb\":{\"@id\":\"https:\/\/mint-square.com\/es\/servicios\/servicios-creativos\/#breadcrumb\"},\"inLanguage\":\"es\",\"potentialAction\":[{\"@type\":\"ReadAction\",\"target\":[\"https:\/\/mint-square.com\/es\/servicios\/servicios-creativos\/\"]}]},{\"@type\":\"BreadcrumbList\",\"@id\":\"https:\/\/mint-square.com\/es\/servicios\/servicios-creativos\/#breadcrumb\",\"itemListElement\":[{\"@type\":\"ListItem\",\"position\":1,\"name\":\"Startseite\",\"item\":\"https:\/\/mint-square.com\/es\/\"},{\"@type\":\"ListItem\",\"position\":2,\"name\":\"Servicios Creativos\"}]},{\"@type\":\"WebSite\",\"@id\":\"https:\/\/mint-square.com\/es\/#website\",\"url\":\"https:\/\/mint-square.com\/es\/\",\"name\":\"MINT Square\",\"description\":\"Programmatic Advertising MINT-frisch\",\"potentialAction\":[{\"@type\":\"SearchAction\",\"target\":{\"@type\":\"EntryPoint\",\"urlTemplate\":\"https:\/\/mint-square.com\/es\/?s={search_term_string}\"},\"query-input\":{\"@type\":\"PropertyValueSpecification\",\"valueRequired\":true,\"valueName\":\"search_term_string\"}}],\"inLanguage\":\"es\"}]}<\/script>\n<!-- \/ Yoast SEO Premium plugin. -->","yoast_head_json":{"title":"Servicios Creativos - MINT Square","robots":{"index":"index","follow":"follow","max-snippet":"max-snippet:-1","max-image-preview":"max-image-preview:large","max-video-preview":"max-video-preview:-1"},"canonical":"https:\/\/mint-square.com\/es\/servicios\/servicios-creativos\/","og_locale":"es_ES","og_type":"article","og_title":"Servicios Creativos","og_description":"[vc_row unlock_row_content=\u00bbyes\u00bb row_height_percent=\u00bb100&#8243; override_padding=\u00bbyes\u00bb h_padding=\u00bb6&#8243; top_padding=\u00bb0&#8243; bottom_padding=\u00bb0&#8243; back_image=\u00bb120475&#8243; back_position=\u00bbcenter center\u00bb parallax=\u00bbyes\u00bb kburns=\u00bbyes\u00bb overlay_color=\u00bbcolor-white\u00bb overlay_alpha=\u00bb0&#8243; gutter_size=\u00bb3&#8243; column_width_percent=\u00bb100&#8243; shift_y=\u00bb0&#8243; z_index=\u00bb0&#8243; uncode_shortcode_id=\u00bb213581&#8243; overlay_color_type=\u00bbuncode-palette\u00bb][vc_column [&hellip;]","og_url":"https:\/\/mint-square.com\/es\/servicios\/servicios-creativos\/","og_site_name":"MINT Square","article_modified_time":"2024-07-04T09:10:24+00:00","og_image":[{"width":512,"height":512,"url":"https:\/\/mint-square.com\/wp-content\/uploads\/2023\/06\/cropped-mint-square-logo-icon.jpg","type":"image\/jpeg"}],"twitter_card":"summary_large_image","twitter_misc":{"Tiempo de lectura":"4 minutos"},"schema":{"@context":"https:\/\/schema.org","@graph":[{"@type":"WebPage","@id":"https:\/\/mint-square.com\/es\/servicios\/servicios-creativos\/","url":"https:\/\/mint-square.com\/es\/servicios\/servicios-creativos\/","name":"Servicios Creativos - MINT Square","isPartOf":{"@id":"https:\/\/mint-square.com\/es\/#website"},"datePublished":"2023-11-13T11:37:49+00:00","dateModified":"2024-07-04T09:10:24+00:00","breadcrumb":{"@id":"https:\/\/mint-square.com\/es\/servicios\/servicios-creativos\/#breadcrumb"},"inLanguage":"es","potentialAction":[{"@type":"ReadAction","target":["https:\/\/mint-square.com\/es\/servicios\/servicios-creativos\/"]}]},{"@type":"BreadcrumbList","@id":"https:\/\/mint-square.com\/es\/servicios\/servicios-creativos\/#breadcrumb","itemListElement":[{"@type":"ListItem","position":1,"name":"Startseite","item":"https:\/\/mint-square.com\/es\/"},{"@type":"ListItem","position":2,"name":"Servicios Creativos"}]},{"@type":"WebSite","@id":"https:\/\/mint-square.com\/es\/#website","url":"https:\/\/mint-square.com\/es\/","name":"MINT Square","description":"Programmatic Advertising MINT-frisch","potentialAction":[{"@type":"SearchAction","target":{"@type":"EntryPoint","urlTemplate":"https:\/\/mint-square.com\/es\/?s={search_term_string}"},"query-input":{"@type":"PropertyValueSpecification","valueRequired":true,"valueName":"search_term_string"}}],"inLanguage":"es"}]}},"_links":{"self":[{"href":"https:\/\/mint-square.com\/es\/wp-json\/wp\/v2\/pages\/120961","targetHints":{"allow":["GET"]}}],"collection":[{"href":"https:\/\/mint-square.com\/es\/wp-json\/wp\/v2\/pages"}],"about":[{"href":"https:\/\/mint-square.com\/es\/wp-json\/wp\/v2\/types\/page"}],"author":[{"embeddable":true,"href":"https:\/\/mint-square.com\/es\/wp-json\/wp\/v2\/users\/2"}],"replies":[{"embeddable":true,"href":"https:\/\/mint-square.com\/es\/wp-json\/wp\/v2\/comments?post=120961"}],"version-history":[{"count":5,"href":"https:\/\/mint-square.com\/es\/wp-json\/wp\/v2\/pages\/120961\/revisions"}],"predecessor-version":[{"id":123898,"href":"https:\/\/mint-square.com\/es\/wp-json\/wp\/v2\/pages\/120961\/revisions\/123898"}],"up":[{"embeddable":true,"href":"https:\/\/mint-square.com\/es\/wp-json\/wp\/v2\/pages\/145927"}],"wp:attachment":[{"href":"https:\/\/mint-square.com\/es\/wp-json\/wp\/v2\/media?parent=120961"}],"curies":[{"name":"wp","href":"https:\/\/api.w.org\/{rel}","templated":true}]}}